{"id":23,"date":"2022-07-10T23:17:27","date_gmt":"2022-07-10T21:17:27","guid":{"rendered":"https:\/\/speedtest:8890\/?post_type=product&#038;p=23"},"modified":"2022-09-09T08:46:08","modified_gmt":"2022-09-09T06:46:08","slug":"circle-of-life","status":"publish","type":"product","link":"https:\/\/stifinder.com\/en\/products\/circle-of-life\/","title":{"rendered":"Circle of Life"},"content":{"rendered":"","protected":false},"excerpt":{"rendered":"<p>Circle of Life af Marc Drouin er en ny og opdateret udgave af bogen Livets Cirkel &#8211; denne gang p\u00e5 engelsk. En vedkommende bog, der med afs\u00e6t i indiansk visdom spejler det moderne menneskes udfordringer. L\u00e6s bogen hvis du vil have en dybere forst\u00e5else af dine relationer og blive inspireret til, hvordan du kan skabe forandring i dit personlige liv, p\u00e5 din arbejdsplads og blandt dine n\u00e6rmeste.<\/p>\n","protected":false},"featured_media":952,"template":"","meta":{"_acf_changed":false,"site-sidebar-layout":"default","site-content-layout":"default","ast-site-content-layout":"default","site-content-style":"default","site-sidebar-style":"default","ast-global-header-display":"","ast-banner-title-visibility":"","ast-main-header-display":"","ast-hfb-above-header-display":"","ast-hfb-below-header-display":"","ast-hfb-mobile-header-display":"","site-post-title":"","ast-breadcrumbs-content":"","ast-featured-img":"","footer-sml-layout":"","ast-disable-related-posts":"","theme-transparent-header-meta":"default","adv-header-id-meta":"","stick-header-meta":"","header-above-stick-meta":"","header-main-stick-meta":"","header-below-stick-meta":"","astra-migrate-meta-layouts":"default","ast-page-background-enabled":"default","ast-page-background-meta":{"desktop":{"background-color":"","background-image":"","background-repeat":"repeat","background-position":"center center","background-size":"auto","background-attachment":"scroll","background-type":"","background-media":"","overlay-type":"","overlay-color":"","overlay-opacity":"","overlay-gradient":""},"tablet":{"background-color":"","background-image":"","background-repeat":"repeat","background-position":"center center","background-size":"auto","background-attachment":"scroll","background-type":"","background-media":"","overlay-type":"","overlay-color":"","overlay-opacity":"","overlay-gradient":""},"mobile":{"background-color":"","background-image":"","background-repeat":"repeat","background-position":"center center","background-size":"auto","background-attachment":"scroll","background-type":"","background-media":"","overlay-type":"","overlay-color":"","overlay-opacity":"","overlay-gradient":""}},"ast-content-background-meta":{"desktop":{"background-color":"var(--ast-global-color-5)","background-image":"","background-repeat":"repeat","background-position":"center center","background-size":"auto","background-attachment":"scroll","background-type":"","background-media":"","overlay-type":"","overlay-color":"","overlay-opacity":"","overlay-gradient":""},"tablet":{"background-color":"var(--ast-global-color-5)","background-image":"","background-repeat":"repeat","background-position":"center center","background-size":"auto","background-attachment":"scroll","background-type":"","background-media":"","overlay-type":"","overlay-color":"","overlay-opacity":"","overlay-gradient":""},"mobile":{"background-color":"var(--ast-global-color-5)","background-image":"","background-repeat":"repeat","background-position":"center center","background-size":"auto","background-attachment":"scroll","background-type":"","background-media":"","overlay-type":"","overlay-color":"","overlay-opacity":"","overlay-gradient":""}}},"product_brand":[],"product_cat":[79],"product_tag":[],"class_list":{"0":"post-23","1":"product","2":"type-product","3":"status-publish","4":"has-post-thumbnail","6":"product_cat-boeger-musik","7":"desktop-align-center","8":"tablet-align-center","9":"mobile-align-center","10":"ast-product-gallery-layout-horizontal-slider","11":"ast-product-gallery-with-no-image","13":"first","14":"instock","15":"taxable","16":"shipping-taxable","17":"purchasable","18":"product-type-simple"},"acf":[],"yoast_head":"<!-- This site is optimized with the Yoast SEO plugin v27.4 - https:\/\/yoast.com\/product\/yoast-seo-wordpress\/ -->\n<title>K\u00f8b Circle of Life - En bog af Marc Druoin | Stifinder<\/title>\n<meta name=\"description\" content=\"Circle of Life er en ny og opdateret udgave af successen Livets Cirkel. Bogen er baseret p\u00e5 Marc Drouins livsfilosofi, forankret i de simple, men afg\u00f8rende modeller: Forandringshjulet, Medicinhjulet og Kriger og Offer. Modellerne illustrerer p\u00e5 forskellige m\u00e5der, hvordan vi mennesker v\u00e6lger at leve vores liv, hvordan vi reagerer og agerer i forskellige situationer og hvilke valg vi tager. Et centralt budskab er, at vi kan styrke bevidstheden om os selv og vores omgivelser.\" \/>\n<meta name=\"robots\" content=\"index, follow, max-snippet:-1, max-image-preview:large, max-video-preview:-1\" \/>\n<link rel=\"canonical\" href=\"https:\/\/stifinder.com\/en\/products\/circle-of-life\/\" \/>\n<meta property=\"og:locale\" content=\"en_US\" \/>\n<meta property=\"og:type\" content=\"article\" \/>\n<meta property=\"og:title\" content=\"Circle of life - A pathway to the heart\" \/>\n<meta property=\"og:description\" content=\"Circle of Life er en ny og opdateret udgave af successen Livets Cirkel. Bogen er baseret p\u00e5 Marc Drouins livsfilosofi, forankret i de simple, men afg\u00f8rende modeller: Forandringshjulet, Medicinhjulet og Kriger og Offer. Modellerne illustrerer p\u00e5 forskellige m\u00e5der, hvordan vi mennesker v\u00e6lger at leve vores liv, hvordan vi reagerer og agerer i forskellige situationer og hvilke valg vi tager. Et centralt budskab er, at vi kan styrke bevidstheden om os selv og vores omgivelser.\" \/>\n<meta property=\"og:url\" content=\"https:\/\/stifinder.com\/en\/products\/circle-of-life\/\" \/>\n<meta property=\"og:site_name\" content=\"Stifinder\" \/>\n<meta property=\"article:modified_time\" content=\"2022-09-09T06:46:08+00:00\" \/>\n<meta property=\"og:image\" content=\"https:\/\/stifinder.com\/wp-content\/uploads\/2018\/09\/circle_of_life.jpg\" \/>\n\t<meta property=\"og:image:width\" content=\"600\" \/>\n\t<meta property=\"og:image:height\" content=\"850\" \/>\n\t<meta property=\"og:image:type\" content=\"image\/jpeg\" \/>\n<meta name=\"twitter:card\" content=\"summary_large_image\" \/>\n<meta name=\"twitter:title\" content=\"Circle of life - A pathway to the heart\" \/>\n<meta name=\"twitter:description\" content=\"Circle of Life er en ny og opdateret udgave af successen Livets Cirkel. Bogen er baseret p\u00e5 Marc Drouins livsfilosofi, forankret i de simple, men afg\u00f8rende modeller: Forandringshjulet, Medicinhjulet og Kriger og Offer. Modellerne illustrerer p\u00e5 forskellige m\u00e5der, hvordan vi mennesker v\u00e6lger at leve vores liv, hvordan vi reagerer og agerer i forskellige situationer og hvilke valg vi tager. Et centralt budskab er, at vi kan styrke bevidstheden om os selv og vores omgivelser.\" \/>\n<meta name=\"twitter:image\" content=\"https:\/\/stifinder.com\/wp-content\/uploads\/2018\/09\/download-6.jpg\" \/>\n<script type=\"application\/ld+json\" class=\"yoast-schema-graph\">{\"@context\":\"https:\\\/\\\/schema.org\",\"@graph\":[{\"@type\":\"WebPage\",\"@id\":\"https:\\\/\\\/stifinder.com\\\/en\\\/products\\\/circle-of-life\\\/\",\"url\":\"https:\\\/\\\/stifinder.com\\\/en\\\/products\\\/circle-of-life\\\/\",\"name\":\"K\u00f8b Circle of Life - En bog af Marc Druoin | Stifinder\",\"isPartOf\":{\"@id\":\"https:\\\/\\\/stifinder.com\\\/en\\\/#website\"},\"primaryImageOfPage\":{\"@id\":\"https:\\\/\\\/stifinder.com\\\/en\\\/products\\\/circle-of-life\\\/#primaryimage\"},\"image\":{\"@id\":\"https:\\\/\\\/stifinder.com\\\/en\\\/products\\\/circle-of-life\\\/#primaryimage\"},\"thumbnailUrl\":\"https:\\\/\\\/stifinder.com\\\/wp-content\\\/uploads\\\/2018\\\/09\\\/circle_of_life.jpg\",\"datePublished\":\"2022-07-10T21:17:27+00:00\",\"dateModified\":\"2022-09-09T06:46:08+00:00\",\"description\":\"Circle of Life er en ny og opdateret udgave af successen Livets Cirkel. Bogen er baseret p\u00e5 Marc Drouins livsfilosofi, forankret i de simple, men afg\u00f8rende modeller: Forandringshjulet, Medicinhjulet og Kriger og Offer. Modellerne illustrerer p\u00e5 forskellige m\u00e5der, hvordan vi mennesker v\u00e6lger at leve vores liv, hvordan vi reagerer og agerer i forskellige situationer og hvilke valg vi tager. Et centralt budskab er, at vi kan styrke bevidstheden om os selv og vores omgivelser.\",\"breadcrumb\":{\"@id\":\"https:\\\/\\\/stifinder.com\\\/en\\\/products\\\/circle-of-life\\\/#breadcrumb\"},\"inLanguage\":\"en-US\",\"potentialAction\":[{\"@type\":\"ReadAction\",\"target\":[\"https:\\\/\\\/stifinder.com\\\/en\\\/products\\\/circle-of-life\\\/\"]}]},{\"@type\":\"ImageObject\",\"inLanguage\":\"en-US\",\"@id\":\"https:\\\/\\\/stifinder.com\\\/en\\\/products\\\/circle-of-life\\\/#primaryimage\",\"url\":\"https:\\\/\\\/stifinder.com\\\/wp-content\\\/uploads\\\/2018\\\/09\\\/circle_of_life.jpg\",\"contentUrl\":\"https:\\\/\\\/stifinder.com\\\/wp-content\\\/uploads\\\/2018\\\/09\\\/circle_of_life.jpg\",\"width\":600,\"height\":850,\"caption\":\"Circle of Life - Bog\"},{\"@type\":\"BreadcrumbList\",\"@id\":\"https:\\\/\\\/stifinder.com\\\/en\\\/products\\\/circle-of-life\\\/#breadcrumb\",\"itemListElement\":[{\"@type\":\"ListItem\",\"position\":1,\"name\":\"Home\",\"item\":\"https:\\\/\\\/stifinder.com\\\/en\\\/\"},{\"@type\":\"ListItem\",\"position\":2,\"name\":\"Shop\",\"item\":\"https:\\\/\\\/stifinder.com\\\/en\\\/shop\\\/\"},{\"@type\":\"ListItem\",\"position\":3,\"name\":\"Circle of Life\"}]},{\"@type\":\"WebSite\",\"@id\":\"https:\\\/\\\/stifinder.com\\\/en\\\/#website\",\"url\":\"https:\\\/\\\/stifinder.com\\\/en\\\/\",\"name\":\"Stifinder\",\"description\":\"\",\"publisher\":{\"@id\":\"https:\\\/\\\/stifinder.com\\\/en\\\/#organization\"},\"potentialAction\":[{\"@type\":\"SearchAction\",\"target\":{\"@type\":\"EntryPoint\",\"urlTemplate\":\"https:\\\/\\\/stifinder.com\\\/en\\\/?s={search_term_string}\"},\"query-input\":{\"@type\":\"PropertyValueSpecification\",\"valueRequired\":true,\"valueName\":\"search_term_string\"}}],\"inLanguage\":\"en-US\"},{\"@type\":\"Organization\",\"@id\":\"https:\\\/\\\/stifinder.com\\\/en\\\/#organization\",\"name\":\"Stifinder\",\"url\":\"https:\\\/\\\/stifinder.com\\\/en\\\/\",\"logo\":{\"@type\":\"ImageObject\",\"inLanguage\":\"en-US\",\"@id\":\"https:\\\/\\\/stifinder.com\\\/en\\\/#\\\/schema\\\/logo\\\/image\\\/\",\"url\":\"https:\\\/\\\/stifinder.com\\\/wp-content\\\/uploads\\\/2018\\\/09\\\/stifinder_logo_grey.svg\",\"contentUrl\":\"https:\\\/\\\/stifinder.com\\\/wp-content\\\/uploads\\\/2018\\\/09\\\/stifinder_logo_grey.svg\",\"width\":14.1,\"height\":71.6,\"caption\":\"Stifinder\"},\"image\":{\"@id\":\"https:\\\/\\\/stifinder.com\\\/en\\\/#\\\/schema\\\/logo\\\/image\\\/\"}}]}<\/script>\n<!-- \/ Yoast SEO plugin. -->","yoast_head_json":{"title":"K\u00f8b Circle of Life - En bog af Marc Druoin | Stifinder","description":"Circle of Life er en ny og opdateret udgave af successen Livets Cirkel. Bogen er baseret p\u00e5 Marc Drouins livsfilosofi, forankret i de simple, men afg\u00f8rende modeller: Forandringshjulet, Medicinhjulet og Kriger og Offer. Modellerne illustrerer p\u00e5 forskellige m\u00e5der, hvordan vi mennesker v\u00e6lger at leve vores liv, hvordan vi reagerer og agerer i forskellige situationer og hvilke valg vi tager. Et centralt budskab er, at vi kan styrke bevidstheden om os selv og vores omgivelser.","robots":{"index":"index","follow":"follow","max-snippet":"max-snippet:-1","max-image-preview":"max-image-preview:large","max-video-preview":"max-video-preview:-1"},"canonical":"https:\/\/stifinder.com\/en\/products\/circle-of-life\/","og_locale":"en_US","og_type":"article","og_title":"Circle of life - A pathway to the heart","og_description":"Circle of Life er en ny og opdateret udgave af successen Livets Cirkel. Bogen er baseret p\u00e5 Marc Drouins livsfilosofi, forankret i de simple, men afg\u00f8rende modeller: Forandringshjulet, Medicinhjulet og Kriger og Offer. Modellerne illustrerer p\u00e5 forskellige m\u00e5der, hvordan vi mennesker v\u00e6lger at leve vores liv, hvordan vi reagerer og agerer i forskellige situationer og hvilke valg vi tager. Et centralt budskab er, at vi kan styrke bevidstheden om os selv og vores omgivelser.","og_url":"https:\/\/stifinder.com\/en\/products\/circle-of-life\/","og_site_name":"Stifinder","article_modified_time":"2022-09-09T06:46:08+00:00","og_image":[{"width":600,"height":850,"url":"https:\/\/stifinder.com\/wp-content\/uploads\/2018\/09\/circle_of_life.jpg","type":"image\/jpeg"}],"twitter_card":"summary_large_image","twitter_title":"Circle of life - A pathway to the heart","twitter_description":"Circle of Life er en ny og opdateret udgave af successen Livets Cirkel. Bogen er baseret p\u00e5 Marc Drouins livsfilosofi, forankret i de simple, men afg\u00f8rende modeller: Forandringshjulet, Medicinhjulet og Kriger og Offer. Modellerne illustrerer p\u00e5 forskellige m\u00e5der, hvordan vi mennesker v\u00e6lger at leve vores liv, hvordan vi reagerer og agerer i forskellige situationer og hvilke valg vi tager. Et centralt budskab er, at vi kan styrke bevidstheden om os selv og vores omgivelser.","twitter_image":"https:\/\/stifinder.com\/wp-content\/uploads\/2018\/09\/download-6.jpg","schema":{"@context":"https:\/\/schema.org","@graph":[{"@type":"WebPage","@id":"https:\/\/stifinder.com\/en\/products\/circle-of-life\/","url":"https:\/\/stifinder.com\/en\/products\/circle-of-life\/","name":"K\u00f8b Circle of Life - En bog af Marc Druoin | Stifinder","isPartOf":{"@id":"https:\/\/stifinder.com\/en\/#website"},"primaryImageOfPage":{"@id":"https:\/\/stifinder.com\/en\/products\/circle-of-life\/#primaryimage"},"image":{"@id":"https:\/\/stifinder.com\/en\/products\/circle-of-life\/#primaryimage"},"thumbnailUrl":"https:\/\/stifinder.com\/wp-content\/uploads\/2018\/09\/circle_of_life.jpg","datePublished":"2022-07-10T21:17:27+00:00","dateModified":"2022-09-09T06:46:08+00:00","description":"Circle of Life er en ny og opdateret udgave af successen Livets Cirkel. Bogen er baseret p\u00e5 Marc Drouins livsfilosofi, forankret i de simple, men afg\u00f8rende modeller: Forandringshjulet, Medicinhjulet og Kriger og Offer. Modellerne illustrerer p\u00e5 forskellige m\u00e5der, hvordan vi mennesker v\u00e6lger at leve vores liv, hvordan vi reagerer og agerer i forskellige situationer og hvilke valg vi tager. Et centralt budskab er, at vi kan styrke bevidstheden om os selv og vores omgivelser.","breadcrumb":{"@id":"https:\/\/stifinder.com\/en\/products\/circle-of-life\/#breadcrumb"},"inLanguage":"en-US","potentialAction":[{"@type":"ReadAction","target":["https:\/\/stifinder.com\/en\/products\/circle-of-life\/"]}]},{"@type":"ImageObject","inLanguage":"en-US","@id":"https:\/\/stifinder.com\/en\/products\/circle-of-life\/#primaryimage","url":"https:\/\/stifinder.com\/wp-content\/uploads\/2018\/09\/circle_of_life.jpg","contentUrl":"https:\/\/stifinder.com\/wp-content\/uploads\/2018\/09\/circle_of_life.jpg","width":600,"height":850,"caption":"Circle of Life - Bog"},{"@type":"BreadcrumbList","@id":"https:\/\/stifinder.com\/en\/products\/circle-of-life\/#breadcrumb","itemListElement":[{"@type":"ListItem","position":1,"name":"Home","item":"https:\/\/stifinder.com\/en\/"},{"@type":"ListItem","position":2,"name":"Shop","item":"https:\/\/stifinder.com\/en\/shop\/"},{"@type":"ListItem","position":3,"name":"Circle of Life"}]},{"@type":"WebSite","@id":"https:\/\/stifinder.com\/en\/#website","url":"https:\/\/stifinder.com\/en\/","name":"Stifinder","description":"","publisher":{"@id":"https:\/\/stifinder.com\/en\/#organization"},"potentialAction":[{"@type":"SearchAction","target":{"@type":"EntryPoint","urlTemplate":"https:\/\/stifinder.com\/en\/?s={search_term_string}"},"query-input":{"@type":"PropertyValueSpecification","valueRequired":true,"valueName":"search_term_string"}}],"inLanguage":"en-US"},{"@type":"Organization","@id":"https:\/\/stifinder.com\/en\/#organization","name":"Stifinder","url":"https:\/\/stifinder.com\/en\/","logo":{"@type":"ImageObject","inLanguage":"en-US","@id":"https:\/\/stifinder.com\/en\/#\/schema\/logo\/image\/","url":"https:\/\/stifinder.com\/wp-content\/uploads\/2018\/09\/stifinder_logo_grey.svg","contentUrl":"https:\/\/stifinder.com\/wp-content\/uploads\/2018\/09\/stifinder_logo_grey.svg","width":14.1,"height":71.6,"caption":"Stifinder"},"image":{"@id":"https:\/\/stifinder.com\/en\/#\/schema\/logo\/image\/"}}]}},"_links":{"self":[{"href":"https:\/\/stifinder.com\/en\/wp-json\/wp\/v2\/product\/23","targetHints":{"allow":["GET"]}}],"collection":[{"href":"https:\/\/stifinder.com\/en\/wp-json\/wp\/v2\/product"}],"about":[{"href":"https:\/\/stifinder.com\/en\/wp-json\/wp\/v2\/types\/product"}],"version-history":[{"count":13,"href":"https:\/\/stifinder.com\/en\/wp-json\/wp\/v2\/product\/23\/revisions"}],"predecessor-version":[{"id":1441,"href":"https:\/\/stifinder.com\/en\/wp-json\/wp\/v2\/product\/23\/revisions\/1441"}],"wp:featuredmedia":[{"embeddable":true,"href":"https:\/\/stifinder.com\/en\/wp-json\/wp\/v2\/media\/952"}],"wp:attachment":[{"href":"https:\/\/stifinder.com\/en\/wp-json\/wp\/v2\/media?parent=23"}],"wp:term":[{"taxonomy":"product_brand","embeddable":true,"href":"https:\/\/stifinder.com\/en\/wp-json\/wp\/v2\/product_brand?post=23"},{"taxonomy":"product_cat","embeddable":true,"href":"https:\/\/stifinder.com\/en\/wp-json\/wp\/v2\/product_cat?post=23"},{"taxonomy":"product_tag","embeddable":true,"href":"https:\/\/stifinder.com\/en\/wp-json\/wp\/v2\/product_tag?post=23"}],"curies":[{"name":"wp","href":"https:\/\/api.w.org\/{rel}","templated":true}]}}