{"id":3654,"date":"2024-09-14T07:56:10","date_gmt":"2024-09-14T05:56:10","guid":{"rendered":"https:\/\/stifinder.com\/?post_type=product&#038;p=3654"},"modified":"2025-11-10T09:15:28","modified_gmt":"2025-11-10T08:15:28","slug":"stifinderen-som-lydbog","status":"publish","type":"product","link":"https:\/\/stifinder.com\/en\/products\/stifinderen-som-lydbog\/","title":{"rendered":"NYHED! Stifinderen &#8211; Lydbog"},"content":{"rendered":"","protected":false},"excerpt":{"rendered":"<p>&#8211; om coachen Lasse Z\u00e4ll og kunsten at skabe forandring.<\/p>\n<p>Af Kim Hundevadt. Opl\u00e6ser: Morten Thunbo.<\/p>\n<p><a href=\"https:\/\/spaces.hightail.com\/receive\/68lzpdS1uw\"><strong>Du kan downloade lydbogen her.<\/strong><\/a><\/p>\n<p>Lydbogen er ogs\u00e5 tilg\u00e6ngelig p\u00e5 Mofibo, Saxo, Storytel og Bookmate.<\/p>\n<p><strong>Om Stifinderen:<\/strong><\/p>\n<p>Hvordan kan det v\u00e6re, at mennesker \u2013 og virksomheder \u2013 ind imellem fungerer s\u00e5 godt, at de store resultater tilsyneladende kommer af sig selv? Og hvad kan vi g\u00f8re for at skabe dette flow i vores eget liv?<\/p>\n<p>Det er sp\u00f8rgsm\u00e5l, som i \u00e5rtier har optaget coachen Lasse Z\u00e4ll. I denne bog f\u00e5r du hans bud p\u00e5 et svar.<\/p>\n<p>Stifinderen er historien om en succesrig mand, som blev klogere. Lasse Z\u00e4ll har lavet vindere p\u00e5 stribe i bl.a. erhvervslivet og sportens verden. Bogen giver et unikt indblik i hans metoder, og den indeholder en r\u00e6kke konkrete v\u00e6rkt\u00f8jer til at skabe positiv forandring.<\/p>\n<p>Men i skyggen af en personlig krise har Lasse Z\u00e4ll ogs\u00e5 forst\u00e5et, at succes ikke er meget v\u00e6rd, hvis man undervejs mister kontakten til de vigtigste ting i tilv\u00e6relsen.<span class=\"Apple-converted-space\">\u00a0<\/span><\/p>\n<p>Som l\u00e6ser kan man spejle sig i hans livskloge beretning. Den r\u00f8rer ved dilemmaer, vi kender fra familie, kolleger og venner. Og den kan bruges som inspiration af alle, som vil arbejde seri\u00f8st med personlig udvikling og forandringsprocesser i virksomheder og organisationer.<span class=\"Apple-converted-space\">\u00a0<\/span><\/p>\n","protected":false},"featured_media":1598,"template":"","meta":{"_acf_changed":false,"site-sidebar-layout":"no-sidebar","site-content-layout":"page-builder","ast-site-content-layout":"full-width-container","site-content-style":"unboxed","site-sidebar-style":"unboxed","ast-global-header-display":"","ast-banner-title-visibility":"","ast-main-header-display":"","ast-hfb-above-header-display":"","ast-hfb-below-header-display":"","ast-hfb-mobile-header-display":"","site-post-title":"","ast-breadcrumbs-content":"","ast-featured-img":"disabled","footer-sml-layout":"","ast-disable-related-posts":"","theme-transparent-header-meta":"default","adv-header-id-meta":"","stick-header-meta":"","header-above-stick-meta":"","header-main-stick-meta":"","header-below-stick-meta":"","astra-migrate-meta-layouts":"set","ast-page-background-enabled":"default","ast-page-background-meta":{"desktop":{"background-color":"","background-image":"","background-repeat":"repeat","background-position":"center center","background-size":"auto","background-attachment":"scroll","background-type":"","background-media":"","overlay-type":"","overlay-color":"","overlay-opacity":"","overlay-gradient":""},"tablet":{"background-color":"","background-image":"","background-repeat":"repeat","background-position":"center center","background-size":"auto","background-attachment":"scroll","background-type":"","background-media":"","overlay-type":"","overlay-color":"","overlay-opacity":"","overlay-gradient":""},"mobile":{"background-color":"","background-image":"","background-repeat":"repeat","background-position":"center center","background-size":"auto","background-attachment":"scroll","background-type":"","background-media":"","overlay-type":"","overlay-color":"","overlay-opacity":"","overlay-gradient":""}},"ast-content-background-meta":{"desktop":{"background-color":"var(--ast-global-color-5)","background-image":"","background-repeat":"repeat","background-position":"center center","background-size":"auto","background-attachment":"scroll","background-type":"","background-media":"","overlay-type":"","overlay-color":"","overlay-opacity":"","overlay-gradient":""},"tablet":{"background-color":"var(--ast-global-color-5)","background-image":"","background-repeat":"repeat","background-position":"center center","background-size":"auto","background-attachment":"scroll","background-type":"","background-media":"","overlay-type":"","overlay-color":"","overlay-opacity":"","overlay-gradient":""},"mobile":{"background-color":"var(--ast-global-color-5)","background-image":"","background-repeat":"repeat","background-position":"center center","background-size":"auto","background-attachment":"scroll","background-type":"","background-media":"","overlay-type":"","overlay-color":"","overlay-opacity":"","overlay-gradient":""}}},"product_brand":[],"product_cat":[79],"product_tag":[],"class_list":{"0":"post-3654","1":"product","2":"type-product","3":"status-publish","4":"has-post-thumbnail","6":"product_cat-boeger-musik","7":"desktop-align-center","8":"tablet-align-center","9":"mobile-align-center","10":"ast-product-gallery-layout-horizontal-slider","12":"first","13":"instock","14":"downloadable","15":"virtual","16":"taxable","17":"purchasable","18":"product-type-simple"},"acf":[],"yoast_head":"<!-- This site is optimized with the Yoast SEO plugin v27.4 - https:\/\/yoast.com\/product\/yoast-seo-wordpress\/ -->\n<title>NYHED! Stifinderen - Lydbog | Stifinder<\/title>\n<meta name=\"description\" content=\"Nu kan du f\u00e5 Stifinderen som lydbog. Bogen er tilg\u00e6ngelig p\u00e5 Stifinders hjemmeside samt p\u00e5 Mofibo, Saxo, Storytel og Bookmate. Lydbogen kan downloades gratis.\" \/>\n<meta name=\"robots\" content=\"index, follow, max-snippet:-1, max-image-preview:large, max-video-preview:-1\" \/>\n<link rel=\"canonical\" href=\"https:\/\/stifinder.com\/en\/products\/stifinderen-som-lydbog\/\" \/>\n<meta property=\"og:locale\" content=\"en_US\" \/>\n<meta property=\"og:type\" content=\"article\" \/>\n<meta property=\"og:title\" content=\"F\u00e5 Stifinderen som Lydbog\" \/>\n<meta property=\"og:description\" content=\"Nu kan du f\u00e5 Stifinderen som lydbog. Bogen er tilg\u00e6ngelig p\u00e5 Stifinders hjemmeside samt p\u00e5 Mofibo, Saxo, Storytel og Bookmate. Lydbogen kan ogs\u00e5 downloades gratis p\u00e5 Stifinders hjemmeside.\" \/>\n<meta property=\"og:url\" content=\"https:\/\/stifinder.com\/en\/products\/stifinderen-som-lydbog\/\" \/>\n<meta property=\"og:site_name\" content=\"Stifinder\" \/>\n<meta property=\"article:modified_time\" content=\"2025-11-10T08:15:28+00:00\" \/>\n<meta property=\"og:image\" content=\"https:\/\/stifinder.com\/wp-content\/uploads\/2019\/12\/bg1.jpg\" \/>\n\t<meta property=\"og:image:width\" content=\"1200\" \/>\n\t<meta property=\"og:image:height\" content=\"600\" \/>\n\t<meta property=\"og:image:type\" content=\"image\/jpeg\" \/>\n<meta name=\"twitter:card\" content=\"summary_large_image\" \/>\n<meta name=\"twitter:title\" content=\"F\u00e5 Stifinderen som Lydbog\" \/>\n<meta name=\"twitter:description\" content=\"Nu kan du f\u00e5 Stifinderen som lydbog. Bogen er tilg\u00e6ngelig p\u00e5 Stifinders hjemmeside samt p\u00e5 Mofibo, Saxo, Storytel og Bookmate. Lydbogen kan ogs\u00e5 downloades gratis p\u00e5 Stifinders hjemmeside.\" \/>\n<meta name=\"twitter:image\" content=\"https:\/\/stifinder.com\/wp-content\/uploads\/2019\/12\/bg1.jpg\" \/>\n<meta name=\"twitter:label1\" content=\"Est. reading time\" \/>\n\t<meta name=\"twitter:data1\" content=\"1 minute\" \/>\n<script type=\"application\/ld+json\" class=\"yoast-schema-graph\">{\"@context\":\"https:\\\/\\\/schema.org\",\"@graph\":[{\"@type\":\"WebPage\",\"@id\":\"https:\\\/\\\/stifinder.com\\\/en\\\/products\\\/stifinderen-som-lydbog\\\/\",\"url\":\"https:\\\/\\\/stifinder.com\\\/en\\\/products\\\/stifinderen-som-lydbog\\\/\",\"name\":\"NYHED! Stifinderen - Lydbog | Stifinder\",\"isPartOf\":{\"@id\":\"https:\\\/\\\/stifinder.com\\\/en\\\/#website\"},\"primaryImageOfPage\":{\"@id\":\"https:\\\/\\\/stifinder.com\\\/en\\\/products\\\/stifinderen-som-lydbog\\\/#primaryimage\"},\"image\":{\"@id\":\"https:\\\/\\\/stifinder.com\\\/en\\\/products\\\/stifinderen-som-lydbog\\\/#primaryimage\"},\"thumbnailUrl\":\"https:\\\/\\\/stifinder.com\\\/wp-content\\\/uploads\\\/2018\\\/09\\\/stifinderen-1-scaled.jpg\",\"datePublished\":\"2024-09-14T05:56:10+00:00\",\"dateModified\":\"2025-11-10T08:15:28+00:00\",\"description\":\"Nu kan du f\u00e5 Stifinderen som lydbog. Bogen er tilg\u00e6ngelig p\u00e5 Stifinders hjemmeside samt p\u00e5 Mofibo, Saxo, Storytel og Bookmate. Lydbogen kan downloades gratis.\",\"breadcrumb\":{\"@id\":\"https:\\\/\\\/stifinder.com\\\/en\\\/products\\\/stifinderen-som-lydbog\\\/#breadcrumb\"},\"inLanguage\":\"en-US\",\"potentialAction\":[{\"@type\":\"ReadAction\",\"target\":[\"https:\\\/\\\/stifinder.com\\\/en\\\/products\\\/stifinderen-som-lydbog\\\/\"]}]},{\"@type\":\"ImageObject\",\"inLanguage\":\"en-US\",\"@id\":\"https:\\\/\\\/stifinder.com\\\/en\\\/products\\\/stifinderen-som-lydbog\\\/#primaryimage\",\"url\":\"https:\\\/\\\/stifinder.com\\\/wp-content\\\/uploads\\\/2018\\\/09\\\/stifinderen-1-scaled.jpg\",\"contentUrl\":\"https:\\\/\\\/stifinder.com\\\/wp-content\\\/uploads\\\/2018\\\/09\\\/stifinderen-1-scaled.jpg\",\"width\":1365,\"height\":2048},{\"@type\":\"BreadcrumbList\",\"@id\":\"https:\\\/\\\/stifinder.com\\\/en\\\/products\\\/stifinderen-som-lydbog\\\/#breadcrumb\",\"itemListElement\":[{\"@type\":\"ListItem\",\"position\":1,\"name\":\"Home\",\"item\":\"https:\\\/\\\/stifinder.com\\\/en\\\/\"},{\"@type\":\"ListItem\",\"position\":2,\"name\":\"Shop\",\"item\":\"https:\\\/\\\/stifinder.com\\\/en\\\/shop\\\/\"},{\"@type\":\"ListItem\",\"position\":3,\"name\":\"NYHED! Stifinderen &#8211; Lydbog\"}]},{\"@type\":\"WebSite\",\"@id\":\"https:\\\/\\\/stifinder.com\\\/en\\\/#website\",\"url\":\"https:\\\/\\\/stifinder.com\\\/en\\\/\",\"name\":\"Stifinder\",\"description\":\"\",\"publisher\":{\"@id\":\"https:\\\/\\\/stifinder.com\\\/en\\\/#organization\"},\"potentialAction\":[{\"@type\":\"SearchAction\",\"target\":{\"@type\":\"EntryPoint\",\"urlTemplate\":\"https:\\\/\\\/stifinder.com\\\/en\\\/?s={search_term_string}\"},\"query-input\":{\"@type\":\"PropertyValueSpecification\",\"valueRequired\":true,\"valueName\":\"search_term_string\"}}],\"inLanguage\":\"en-US\"},{\"@type\":\"Organization\",\"@id\":\"https:\\\/\\\/stifinder.com\\\/en\\\/#organization\",\"name\":\"Stifinder\",\"url\":\"https:\\\/\\\/stifinder.com\\\/en\\\/\",\"logo\":{\"@type\":\"ImageObject\",\"inLanguage\":\"en-US\",\"@id\":\"https:\\\/\\\/stifinder.com\\\/en\\\/#\\\/schema\\\/logo\\\/image\\\/\",\"url\":\"https:\\\/\\\/stifinder.com\\\/wp-content\\\/uploads\\\/2018\\\/09\\\/stifinder_logo_grey.svg\",\"contentUrl\":\"https:\\\/\\\/stifinder.com\\\/wp-content\\\/uploads\\\/2018\\\/09\\\/stifinder_logo_grey.svg\",\"width\":14.1,\"height\":71.6,\"caption\":\"Stifinder\"},\"image\":{\"@id\":\"https:\\\/\\\/stifinder.com\\\/en\\\/#\\\/schema\\\/logo\\\/image\\\/\"}}]}<\/script>\n<!-- \/ Yoast SEO plugin. -->","yoast_head_json":{"title":"NYHED! Stifinderen - Lydbog | Stifinder","description":"Nu kan du f\u00e5 Stifinderen som lydbog. Bogen er tilg\u00e6ngelig p\u00e5 Stifinders hjemmeside samt p\u00e5 Mofibo, Saxo, Storytel og Bookmate. Lydbogen kan downloades gratis.","robots":{"index":"index","follow":"follow","max-snippet":"max-snippet:-1","max-image-preview":"max-image-preview:large","max-video-preview":"max-video-preview:-1"},"canonical":"https:\/\/stifinder.com\/en\/products\/stifinderen-som-lydbog\/","og_locale":"en_US","og_type":"article","og_title":"F\u00e5 Stifinderen som Lydbog","og_description":"Nu kan du f\u00e5 Stifinderen som lydbog. Bogen er tilg\u00e6ngelig p\u00e5 Stifinders hjemmeside samt p\u00e5 Mofibo, Saxo, Storytel og Bookmate. Lydbogen kan ogs\u00e5 downloades gratis p\u00e5 Stifinders hjemmeside.","og_url":"https:\/\/stifinder.com\/en\/products\/stifinderen-som-lydbog\/","og_site_name":"Stifinder","article_modified_time":"2025-11-10T08:15:28+00:00","og_image":[{"width":1200,"height":600,"url":"https:\/\/stifinder.com\/wp-content\/uploads\/2019\/12\/bg1.jpg","type":"image\/jpeg"}],"twitter_card":"summary_large_image","twitter_title":"F\u00e5 Stifinderen som Lydbog","twitter_description":"Nu kan du f\u00e5 Stifinderen som lydbog. Bogen er tilg\u00e6ngelig p\u00e5 Stifinders hjemmeside samt p\u00e5 Mofibo, Saxo, Storytel og Bookmate. Lydbogen kan ogs\u00e5 downloades gratis p\u00e5 Stifinders hjemmeside.","twitter_image":"https:\/\/stifinder.com\/wp-content\/uploads\/2019\/12\/bg1.jpg","twitter_misc":{"Est. reading time":"1 minute"},"schema":{"@context":"https:\/\/schema.org","@graph":[{"@type":"WebPage","@id":"https:\/\/stifinder.com\/en\/products\/stifinderen-som-lydbog\/","url":"https:\/\/stifinder.com\/en\/products\/stifinderen-som-lydbog\/","name":"NYHED! Stifinderen - Lydbog | Stifinder","isPartOf":{"@id":"https:\/\/stifinder.com\/en\/#website"},"primaryImageOfPage":{"@id":"https:\/\/stifinder.com\/en\/products\/stifinderen-som-lydbog\/#primaryimage"},"image":{"@id":"https:\/\/stifinder.com\/en\/products\/stifinderen-som-lydbog\/#primaryimage"},"thumbnailUrl":"https:\/\/stifinder.com\/wp-content\/uploads\/2018\/09\/stifinderen-1-scaled.jpg","datePublished":"2024-09-14T05:56:10+00:00","dateModified":"2025-11-10T08:15:28+00:00","description":"Nu kan du f\u00e5 Stifinderen som lydbog. Bogen er tilg\u00e6ngelig p\u00e5 Stifinders hjemmeside samt p\u00e5 Mofibo, Saxo, Storytel og Bookmate. Lydbogen kan downloades gratis.","breadcrumb":{"@id":"https:\/\/stifinder.com\/en\/products\/stifinderen-som-lydbog\/#breadcrumb"},"inLanguage":"en-US","potentialAction":[{"@type":"ReadAction","target":["https:\/\/stifinder.com\/en\/products\/stifinderen-som-lydbog\/"]}]},{"@type":"ImageObject","inLanguage":"en-US","@id":"https:\/\/stifinder.com\/en\/products\/stifinderen-som-lydbog\/#primaryimage","url":"https:\/\/stifinder.com\/wp-content\/uploads\/2018\/09\/stifinderen-1-scaled.jpg","contentUrl":"https:\/\/stifinder.com\/wp-content\/uploads\/2018\/09\/stifinderen-1-scaled.jpg","width":1365,"height":2048},{"@type":"BreadcrumbList","@id":"https:\/\/stifinder.com\/en\/products\/stifinderen-som-lydbog\/#breadcrumb","itemListElement":[{"@type":"ListItem","position":1,"name":"Home","item":"https:\/\/stifinder.com\/en\/"},{"@type":"ListItem","position":2,"name":"Shop","item":"https:\/\/stifinder.com\/en\/shop\/"},{"@type":"ListItem","position":3,"name":"NYHED! Stifinderen &#8211; Lydbog"}]},{"@type":"WebSite","@id":"https:\/\/stifinder.com\/en\/#website","url":"https:\/\/stifinder.com\/en\/","name":"Stifinder","description":"","publisher":{"@id":"https:\/\/stifinder.com\/en\/#organization"},"potentialAction":[{"@type":"SearchAction","target":{"@type":"EntryPoint","urlTemplate":"https:\/\/stifinder.com\/en\/?s={search_term_string}"},"query-input":{"@type":"PropertyValueSpecification","valueRequired":true,"valueName":"search_term_string"}}],"inLanguage":"en-US"},{"@type":"Organization","@id":"https:\/\/stifinder.com\/en\/#organization","name":"Stifinder","url":"https:\/\/stifinder.com\/en\/","logo":{"@type":"ImageObject","inLanguage":"en-US","@id":"https:\/\/stifinder.com\/en\/#\/schema\/logo\/image\/","url":"https:\/\/stifinder.com\/wp-content\/uploads\/2018\/09\/stifinder_logo_grey.svg","contentUrl":"https:\/\/stifinder.com\/wp-content\/uploads\/2018\/09\/stifinder_logo_grey.svg","width":14.1,"height":71.6,"caption":"Stifinder"},"image":{"@id":"https:\/\/stifinder.com\/en\/#\/schema\/logo\/image\/"}}]}},"_links":{"self":[{"href":"https:\/\/stifinder.com\/en\/wp-json\/wp\/v2\/product\/3654","targetHints":{"allow":["GET"]}}],"collection":[{"href":"https:\/\/stifinder.com\/en\/wp-json\/wp\/v2\/product"}],"about":[{"href":"https:\/\/stifinder.com\/en\/wp-json\/wp\/v2\/types\/product"}],"version-history":[{"count":11,"href":"https:\/\/stifinder.com\/en\/wp-json\/wp\/v2\/product\/3654\/revisions"}],"predecessor-version":[{"id":22869,"href":"https:\/\/stifinder.com\/en\/wp-json\/wp\/v2\/product\/3654\/revisions\/22869"}],"wp:featuredmedia":[{"embeddable":true,"href":"https:\/\/stifinder.com\/en\/wp-json\/wp\/v2\/media\/1598"}],"wp:attachment":[{"href":"https:\/\/stifinder.com\/en\/wp-json\/wp\/v2\/media?parent=3654"}],"wp:term":[{"taxonomy":"product_brand","embeddable":true,"href":"https:\/\/stifinder.com\/en\/wp-json\/wp\/v2\/product_brand?post=3654"},{"taxonomy":"product_cat","embeddable":true,"href":"https:\/\/stifinder.com\/en\/wp-json\/wp\/v2\/product_cat?post=3654"},{"taxonomy":"product_tag","embeddable":true,"href":"https:\/\/stifinder.com\/en\/wp-json\/wp\/v2\/product_tag?post=3654"}],"curies":[{"name":"wp","href":"https:\/\/api.w.org\/{rel}","templated":true}]}}