{"id":5774,"date":"2020-01-14T13:02:02","date_gmt":"2020-01-14T12:02:02","guid":{"rendered":"https:\/\/stifinder.com\/?post_type=product&#038;p=5774"},"modified":"2020-01-14T13:03:24","modified_gmt":"2020-01-14T12:03:24","slug":"stifindercases-10-aerlige-og-originale-fortaellinger-om-ledelse","status":"publish","type":"product","link":"https:\/\/stifinder.com\/en\/products\/stifindercases-10-aerlige-og-originale-fortaellinger-om-ledelse\/","title":{"rendered":"Stifindercases &#8211; 10 \u00e6rlige og originale fort\u00e6llinger om ledelse"},"content":{"rendered":"","protected":false},"excerpt":{"rendered":"<p>Overvejer du Stifinderprogrammet? I denne brochure\u00a0fort\u00e6ller en r\u00e6kke fremtr\u00e6dende Stifinderledere om den effekt, Stifindertankerne har haft p\u00e5 deres virksomheder og p\u00e5 deres egen personlige udvikling.<\/p>\n","protected":false},"featured_media":5766,"template":"","meta":{"_acf_changed":false,"site-sidebar-layout":"default","site-content-layout":"default","ast-site-content-layout":"default","site-content-style":"default","site-sidebar-style":"default","ast-global-header-display":"","ast-banner-title-visibility":"","ast-main-header-display":"","ast-hfb-above-header-display":"","ast-hfb-below-header-display":"","ast-hfb-mobile-header-display":"","site-post-title":"","ast-breadcrumbs-content":"","ast-featured-img":"","footer-sml-layout":"","ast-disable-related-posts":"","theme-transparent-header-meta":"default","adv-header-id-meta":"","stick-header-meta":"","header-above-stick-meta":"","header-main-stick-meta":"","header-below-stick-meta":"","astra-migrate-meta-layouts":"default","ast-page-background-enabled":"default","ast-page-background-meta":{"desktop":{"background-color":"","background-image":"","background-repeat":"repeat","background-position":"center center","background-size":"auto","background-attachment":"scroll","background-type":"","background-media":"","overlay-type":"","overlay-color":"","overlay-opacity":"","overlay-gradient":""},"tablet":{"background-color":"","background-image":"","background-repeat":"repeat","background-position":"center center","background-size":"auto","background-attachment":"scroll","background-type":"","background-media":"","overlay-type":"","overlay-color":"","overlay-opacity":"","overlay-gradient":""},"mobile":{"background-color":"","background-image":"","background-repeat":"repeat","background-position":"center center","background-size":"auto","background-attachment":"scroll","background-type":"","background-media":"","overlay-type":"","overlay-color":"","overlay-opacity":"","overlay-gradient":""}},"ast-content-background-meta":{"desktop":{"background-color":"var(--ast-global-color-5)","background-image":"","background-repeat":"repeat","background-position":"center center","background-size":"auto","background-attachment":"scroll","background-type":"","background-media":"","overlay-type":"","overlay-color":"","overlay-opacity":"","overlay-gradient":""},"tablet":{"background-color":"var(--ast-global-color-5)","background-image":"","background-repeat":"repeat","background-position":"center center","background-size":"auto","background-attachment":"scroll","background-type":"","background-media":"","overlay-type":"","overlay-color":"","overlay-opacity":"","overlay-gradient":""},"mobile":{"background-color":"var(--ast-global-color-5)","background-image":"","background-repeat":"repeat","background-position":"center center","background-size":"auto","background-attachment":"scroll","background-type":"","background-media":"","overlay-type":"","overlay-color":"","overlay-opacity":"","overlay-gradient":""}}},"product_brand":[],"product_cat":[79],"product_tag":[],"class_list":{"0":"post-5774","1":"product","2":"type-product","3":"status-publish","4":"has-post-thumbnail","6":"product_cat-boeger-musik","7":"desktop-align-center","8":"tablet-align-center","9":"mobile-align-center","10":"ast-product-gallery-layout-horizontal-slider","11":"ast-product-gallery-with-no-image","13":"first","14":"instock","15":"downloadable","16":"taxable","17":"shipping-taxable","18":"purchasable","19":"product-type-simple"},"acf":[],"yoast_head":"<!-- This site is optimized with the Yoast SEO plugin v27.3 - https:\/\/yoast.com\/product\/yoast-seo-wordpress\/ -->\n<title>Stifindercases - 10 \u00e6rlige og originale fort\u00e6llinger om ledelse | Stifinder<\/title>\n<meta name=\"description\" content=\"Overvejer du Stifinderprogrammet? I denne brochure fort\u00e6ller en r\u00e6kke fremtr\u00e6dende Stifinderledere om den effekt, Stifindertankerne har haft p\u00e5 deres virksomheder og p\u00e5 deres egen personlige udvikling.\" \/>\n<meta name=\"robots\" content=\"index, follow, max-snippet:-1, max-image-preview:large, max-video-preview:-1\" \/>\n<link rel=\"canonical\" href=\"https:\/\/stifinder.com\/en\/products\/stifindercases-10-aerlige-og-originale-fortaellinger-om-ledelse\/\" \/>\n<meta property=\"og:locale\" content=\"en_US\" \/>\n<meta property=\"og:type\" content=\"article\" \/>\n<meta property=\"og:title\" content=\"Stifinderen - om coachen Lasse Z\u00e4ll og kunsten at skabe forandring\" \/>\n<meta property=\"og:description\" content=\"Hvordan kan det v\u00e6re, at mennesker \u2013 og virksomheder \u2013 ind imellem fungerer s\u00e5 godt, at de store resultater tilsyneladende kommer af sig selv? Og hvad kan vi g\u00f8re for at skabe dette flow i vores eget liv? Det er sp\u00f8rgsm\u00e5l, som i \u00e5rtier har optaget coachen Lasse Z\u00e4ll. I denne bog f\u00e5r du hans bud p\u00e5 et svar.Stifinderen er historien om en succesrig mand, som blev klogere. Lasse Z\u00e4ll har lavet vindere p\u00e5 stribe i bl.a. erhvervslivet og sportens verden. Bogen giver et unikt indblik i hans metoder, og den indeholder en r\u00e6kke konkrete v\u00e6rkt\u00f8jer til at skabe positiv forandring. Men i skyggen af en personlig krise har Lasse Z\u00e4ll ogs\u00e5 forst\u00e5et, at succes ikke er meget v\u00e6rd, hvis man undervejs mister kontakten til de vigtigste ting i tilv\u00e6relsen. Som l\u00e6ser kan man spejle sig i hans livskloge beretning. Den r\u00f8rer ved dilemmaer, vi kender fra familie, kolleger og venner. Og den kan bruges som inspiration af alle, som vil arbejde seri\u00f8st med personlig udvikling og forandringsprocesser i virksomheder og organisationer.\" \/>\n<meta property=\"og:url\" content=\"https:\/\/stifinder.com\/en\/products\/stifindercases-10-aerlige-og-originale-fortaellinger-om-ledelse\/\" \/>\n<meta property=\"og:site_name\" content=\"Stifinder\" \/>\n<meta property=\"article:modified_time\" content=\"2020-01-14T12:03:24+00:00\" \/>\n<meta property=\"og:image\" content=\"https:\/\/stifinder.com\/wp-content\/uploads\/2019\/12\/bg1.jpg\" \/>\n\t<meta property=\"og:image:width\" content=\"1200\" \/>\n\t<meta property=\"og:image:height\" content=\"600\" \/>\n\t<meta property=\"og:image:type\" content=\"image\/jpeg\" \/>\n<meta name=\"twitter:card\" content=\"summary_large_image\" \/>\n<meta name=\"twitter:description\" content=\"Hvordan kan det v\u00e6re, at mennesker \u2013 og virksomheder \u2013 ind imellem fungerer s\u00e5 godt, at de store resultater tilsyneladende kommer af sig selv? Og hvad kan vi g\u00f8re for at skabe dette flow i vores eget liv? Det er sp\u00f8rgsm\u00e5l, som i \u00e5rtier har optaget coachen Lasse Z\u00e4ll. I denne bog f\u00e5r du hans bud p\u00e5 et svar.Stifinderen er historien om en succesrig mand, som blev klogere. Lasse Z\u00e4ll har lavet vindere p\u00e5 stribe i bl.a. erhvervslivet og sportens verden. Bogen giver et unikt indblik i hans metoder, og den indeholder en r\u00e6kke konkrete v\u00e6rkt\u00f8jer til at skabe positiv forandring. Men i skyggen af en personlig krise har Lasse Z\u00e4ll ogs\u00e5 forst\u00e5et, at succes ikke er meget v\u00e6rd, hvis man undervejs mister kontakten til de vigtigste ting i tilv\u00e6relsen. Som l\u00e6ser kan man spejle sig i hans livskloge beretning. Den r\u00f8rer ved dilemmaer, vi kender fra familie, kolleger og venner. Og den kan bruges som inspiration af alle, som vil arbejde seri\u00f8st med personlig udvikling og forandringsprocesser i virksomheder og organisationer.\" \/>\n<meta name=\"twitter:image\" content=\"https:\/\/stifinder.com\/wp-content\/uploads\/2019\/12\/bg1.jpg\" \/>\n<script type=\"application\/ld+json\" class=\"yoast-schema-graph\">{\"@context\":\"https:\\\/\\\/schema.org\",\"@graph\":[{\"@type\":\"WebPage\",\"@id\":\"https:\\\/\\\/stifinder.com\\\/en\\\/products\\\/stifindercases-10-aerlige-og-originale-fortaellinger-om-ledelse\\\/\",\"url\":\"https:\\\/\\\/stifinder.com\\\/en\\\/products\\\/stifindercases-10-aerlige-og-originale-fortaellinger-om-ledelse\\\/\",\"name\":\"Stifindercases - 10 \u00e6rlige og originale fort\u00e6llinger om ledelse | Stifinder\",\"isPartOf\":{\"@id\":\"https:\\\/\\\/stifinder.com\\\/en\\\/#website\"},\"primaryImageOfPage\":{\"@id\":\"https:\\\/\\\/stifinder.com\\\/en\\\/products\\\/stifindercases-10-aerlige-og-originale-fortaellinger-om-ledelse\\\/#primaryimage\"},\"image\":{\"@id\":\"https:\\\/\\\/stifinder.com\\\/en\\\/products\\\/stifindercases-10-aerlige-og-originale-fortaellinger-om-ledelse\\\/#primaryimage\"},\"thumbnailUrl\":\"https:\\\/\\\/stifinder.com\\\/wp-content\\\/uploads\\\/2020\\\/01\\\/stifinder_cases-1-scaled.jpg\",\"datePublished\":\"2020-01-14T12:02:02+00:00\",\"dateModified\":\"2020-01-14T12:03:24+00:00\",\"description\":\"Overvejer du Stifinderprogrammet? I denne brochure fort\u00e6ller en r\u00e6kke fremtr\u00e6dende Stifinderledere om den effekt, Stifindertankerne har haft p\u00e5 deres virksomheder og p\u00e5 deres egen personlige udvikling.\",\"breadcrumb\":{\"@id\":\"https:\\\/\\\/stifinder.com\\\/en\\\/products\\\/stifindercases-10-aerlige-og-originale-fortaellinger-om-ledelse\\\/#breadcrumb\"},\"inLanguage\":\"en-US\",\"potentialAction\":[{\"@type\":\"ReadAction\",\"target\":[\"https:\\\/\\\/stifinder.com\\\/en\\\/products\\\/stifindercases-10-aerlige-og-originale-fortaellinger-om-ledelse\\\/\"]}]},{\"@type\":\"ImageObject\",\"inLanguage\":\"en-US\",\"@id\":\"https:\\\/\\\/stifinder.com\\\/en\\\/products\\\/stifindercases-10-aerlige-og-originale-fortaellinger-om-ledelse\\\/#primaryimage\",\"url\":\"https:\\\/\\\/stifinder.com\\\/wp-content\\\/uploads\\\/2020\\\/01\\\/stifinder_cases-1-scaled.jpg\",\"contentUrl\":\"https:\\\/\\\/stifinder.com\\\/wp-content\\\/uploads\\\/2020\\\/01\\\/stifinder_cases-1-scaled.jpg\",\"width\":1536,\"height\":2048},{\"@type\":\"BreadcrumbList\",\"@id\":\"https:\\\/\\\/stifinder.com\\\/en\\\/products\\\/stifindercases-10-aerlige-og-originale-fortaellinger-om-ledelse\\\/#breadcrumb\",\"itemListElement\":[{\"@type\":\"ListItem\",\"position\":1,\"name\":\"Home\",\"item\":\"https:\\\/\\\/stifinder.com\\\/en\\\/\"},{\"@type\":\"ListItem\",\"position\":2,\"name\":\"Shop\",\"item\":\"https:\\\/\\\/stifinder.com\\\/en\\\/shop\\\/\"},{\"@type\":\"ListItem\",\"position\":3,\"name\":\"Stifindercases &#8211; 10 \u00e6rlige og originale fort\u00e6llinger om ledelse\"}]},{\"@type\":\"WebSite\",\"@id\":\"https:\\\/\\\/stifinder.com\\\/en\\\/#website\",\"url\":\"https:\\\/\\\/stifinder.com\\\/en\\\/\",\"name\":\"Stifinder\",\"description\":\"\",\"publisher\":{\"@id\":\"https:\\\/\\\/stifinder.com\\\/en\\\/#organization\"},\"potentialAction\":[{\"@type\":\"SearchAction\",\"target\":{\"@type\":\"EntryPoint\",\"urlTemplate\":\"https:\\\/\\\/stifinder.com\\\/en\\\/?s={search_term_string}\"},\"query-input\":{\"@type\":\"PropertyValueSpecification\",\"valueRequired\":true,\"valueName\":\"search_term_string\"}}],\"inLanguage\":\"en-US\"},{\"@type\":\"Organization\",\"@id\":\"https:\\\/\\\/stifinder.com\\\/en\\\/#organization\",\"name\":\"Stifinder\",\"url\":\"https:\\\/\\\/stifinder.com\\\/en\\\/\",\"logo\":{\"@type\":\"ImageObject\",\"inLanguage\":\"en-US\",\"@id\":\"https:\\\/\\\/stifinder.com\\\/en\\\/#\\\/schema\\\/logo\\\/image\\\/\",\"url\":\"https:\\\/\\\/stifinder.com\\\/wp-content\\\/uploads\\\/2018\\\/09\\\/stifinder_logo_grey.svg\",\"contentUrl\":\"https:\\\/\\\/stifinder.com\\\/wp-content\\\/uploads\\\/2018\\\/09\\\/stifinder_logo_grey.svg\",\"width\":14.1,\"height\":71.6,\"caption\":\"Stifinder\"},\"image\":{\"@id\":\"https:\\\/\\\/stifinder.com\\\/en\\\/#\\\/schema\\\/logo\\\/image\\\/\"}}]}<\/script>\n<!-- \/ Yoast SEO plugin. -->","yoast_head_json":{"title":"Stifindercases - 10 \u00e6rlige og originale fort\u00e6llinger om ledelse | Stifinder","description":"Overvejer du Stifinderprogrammet? I denne brochure fort\u00e6ller en r\u00e6kke fremtr\u00e6dende Stifinderledere om den effekt, Stifindertankerne har haft p\u00e5 deres virksomheder og p\u00e5 deres egen personlige udvikling.","robots":{"index":"index","follow":"follow","max-snippet":"max-snippet:-1","max-image-preview":"max-image-preview:large","max-video-preview":"max-video-preview:-1"},"canonical":"https:\/\/stifinder.com\/en\/products\/stifindercases-10-aerlige-og-originale-fortaellinger-om-ledelse\/","og_locale":"en_US","og_type":"article","og_title":"Stifinderen - om coachen Lasse Z\u00e4ll og kunsten at skabe forandring","og_description":"Hvordan kan det v\u00e6re, at mennesker \u2013 og virksomheder \u2013 ind imellem fungerer s\u00e5 godt, at de store resultater tilsyneladende kommer af sig selv? Og hvad kan vi g\u00f8re for at skabe dette flow i vores eget liv? Det er sp\u00f8rgsm\u00e5l, som i \u00e5rtier har optaget coachen Lasse Z\u00e4ll. I denne bog f\u00e5r du hans bud p\u00e5 et svar.Stifinderen er historien om en succesrig mand, som blev klogere. Lasse Z\u00e4ll har lavet vindere p\u00e5 stribe i bl.a. erhvervslivet og sportens verden. Bogen giver et unikt indblik i hans metoder, og den indeholder en r\u00e6kke konkrete v\u00e6rkt\u00f8jer til at skabe positiv forandring. Men i skyggen af en personlig krise har Lasse Z\u00e4ll ogs\u00e5 forst\u00e5et, at succes ikke er meget v\u00e6rd, hvis man undervejs mister kontakten til de vigtigste ting i tilv\u00e6relsen. Som l\u00e6ser kan man spejle sig i hans livskloge beretning. Den r\u00f8rer ved dilemmaer, vi kender fra familie, kolleger og venner. Og den kan bruges som inspiration af alle, som vil arbejde seri\u00f8st med personlig udvikling og forandringsprocesser i virksomheder og organisationer.","og_url":"https:\/\/stifinder.com\/en\/products\/stifindercases-10-aerlige-og-originale-fortaellinger-om-ledelse\/","og_site_name":"Stifinder","article_modified_time":"2020-01-14T12:03:24+00:00","og_image":[{"width":1200,"height":600,"url":"https:\/\/stifinder.com\/wp-content\/uploads\/2019\/12\/bg1.jpg","type":"image\/jpeg"}],"twitter_card":"summary_large_image","twitter_description":"Hvordan kan det v\u00e6re, at mennesker \u2013 og virksomheder \u2013 ind imellem fungerer s\u00e5 godt, at de store resultater tilsyneladende kommer af sig selv? Og hvad kan vi g\u00f8re for at skabe dette flow i vores eget liv? Det er sp\u00f8rgsm\u00e5l, som i \u00e5rtier har optaget coachen Lasse Z\u00e4ll. I denne bog f\u00e5r du hans bud p\u00e5 et svar.Stifinderen er historien om en succesrig mand, som blev klogere. Lasse Z\u00e4ll har lavet vindere p\u00e5 stribe i bl.a. erhvervslivet og sportens verden. Bogen giver et unikt indblik i hans metoder, og den indeholder en r\u00e6kke konkrete v\u00e6rkt\u00f8jer til at skabe positiv forandring. Men i skyggen af en personlig krise har Lasse Z\u00e4ll ogs\u00e5 forst\u00e5et, at succes ikke er meget v\u00e6rd, hvis man undervejs mister kontakten til de vigtigste ting i tilv\u00e6relsen. Som l\u00e6ser kan man spejle sig i hans livskloge beretning. Den r\u00f8rer ved dilemmaer, vi kender fra familie, kolleger og venner. Og den kan bruges som inspiration af alle, som vil arbejde seri\u00f8st med personlig udvikling og forandringsprocesser i virksomheder og organisationer.","twitter_image":"https:\/\/stifinder.com\/wp-content\/uploads\/2019\/12\/bg1.jpg","schema":{"@context":"https:\/\/schema.org","@graph":[{"@type":"WebPage","@id":"https:\/\/stifinder.com\/en\/products\/stifindercases-10-aerlige-og-originale-fortaellinger-om-ledelse\/","url":"https:\/\/stifinder.com\/en\/products\/stifindercases-10-aerlige-og-originale-fortaellinger-om-ledelse\/","name":"Stifindercases - 10 \u00e6rlige og originale fort\u00e6llinger om ledelse | Stifinder","isPartOf":{"@id":"https:\/\/stifinder.com\/en\/#website"},"primaryImageOfPage":{"@id":"https:\/\/stifinder.com\/en\/products\/stifindercases-10-aerlige-og-originale-fortaellinger-om-ledelse\/#primaryimage"},"image":{"@id":"https:\/\/stifinder.com\/en\/products\/stifindercases-10-aerlige-og-originale-fortaellinger-om-ledelse\/#primaryimage"},"thumbnailUrl":"https:\/\/stifinder.com\/wp-content\/uploads\/2020\/01\/stifinder_cases-1-scaled.jpg","datePublished":"2020-01-14T12:02:02+00:00","dateModified":"2020-01-14T12:03:24+00:00","description":"Overvejer du Stifinderprogrammet? I denne brochure fort\u00e6ller en r\u00e6kke fremtr\u00e6dende Stifinderledere om den effekt, Stifindertankerne har haft p\u00e5 deres virksomheder og p\u00e5 deres egen personlige udvikling.","breadcrumb":{"@id":"https:\/\/stifinder.com\/en\/products\/stifindercases-10-aerlige-og-originale-fortaellinger-om-ledelse\/#breadcrumb"},"inLanguage":"en-US","potentialAction":[{"@type":"ReadAction","target":["https:\/\/stifinder.com\/en\/products\/stifindercases-10-aerlige-og-originale-fortaellinger-om-ledelse\/"]}]},{"@type":"ImageObject","inLanguage":"en-US","@id":"https:\/\/stifinder.com\/en\/products\/stifindercases-10-aerlige-og-originale-fortaellinger-om-ledelse\/#primaryimage","url":"https:\/\/stifinder.com\/wp-content\/uploads\/2020\/01\/stifinder_cases-1-scaled.jpg","contentUrl":"https:\/\/stifinder.com\/wp-content\/uploads\/2020\/01\/stifinder_cases-1-scaled.jpg","width":1536,"height":2048},{"@type":"BreadcrumbList","@id":"https:\/\/stifinder.com\/en\/products\/stifindercases-10-aerlige-og-originale-fortaellinger-om-ledelse\/#breadcrumb","itemListElement":[{"@type":"ListItem","position":1,"name":"Home","item":"https:\/\/stifinder.com\/en\/"},{"@type":"ListItem","position":2,"name":"Shop","item":"https:\/\/stifinder.com\/en\/shop\/"},{"@type":"ListItem","position":3,"name":"Stifindercases &#8211; 10 \u00e6rlige og originale fort\u00e6llinger om ledelse"}]},{"@type":"WebSite","@id":"https:\/\/stifinder.com\/en\/#website","url":"https:\/\/stifinder.com\/en\/","name":"Stifinder","description":"","publisher":{"@id":"https:\/\/stifinder.com\/en\/#organization"},"potentialAction":[{"@type":"SearchAction","target":{"@type":"EntryPoint","urlTemplate":"https:\/\/stifinder.com\/en\/?s={search_term_string}"},"query-input":{"@type":"PropertyValueSpecification","valueRequired":true,"valueName":"search_term_string"}}],"inLanguage":"en-US"},{"@type":"Organization","@id":"https:\/\/stifinder.com\/en\/#organization","name":"Stifinder","url":"https:\/\/stifinder.com\/en\/","logo":{"@type":"ImageObject","inLanguage":"en-US","@id":"https:\/\/stifinder.com\/en\/#\/schema\/logo\/image\/","url":"https:\/\/stifinder.com\/wp-content\/uploads\/2018\/09\/stifinder_logo_grey.svg","contentUrl":"https:\/\/stifinder.com\/wp-content\/uploads\/2018\/09\/stifinder_logo_grey.svg","width":14.1,"height":71.6,"caption":"Stifinder"},"image":{"@id":"https:\/\/stifinder.com\/en\/#\/schema\/logo\/image\/"}}]}},"_links":{"self":[{"href":"https:\/\/stifinder.com\/en\/wp-json\/wp\/v2\/product\/5774","targetHints":{"allow":["GET"]}}],"collection":[{"href":"https:\/\/stifinder.com\/en\/wp-json\/wp\/v2\/product"}],"about":[{"href":"https:\/\/stifinder.com\/en\/wp-json\/wp\/v2\/types\/product"}],"version-history":[{"count":1,"href":"https:\/\/stifinder.com\/en\/wp-json\/wp\/v2\/product\/5774\/revisions"}],"predecessor-version":[{"id":5777,"href":"https:\/\/stifinder.com\/en\/wp-json\/wp\/v2\/product\/5774\/revisions\/5777"}],"wp:featuredmedia":[{"embeddable":true,"href":"https:\/\/stifinder.com\/en\/wp-json\/wp\/v2\/media\/5766"}],"wp:attachment":[{"href":"https:\/\/stifinder.com\/en\/wp-json\/wp\/v2\/media?parent=5774"}],"wp:term":[{"taxonomy":"product_brand","embeddable":true,"href":"https:\/\/stifinder.com\/en\/wp-json\/wp\/v2\/product_brand?post=5774"},{"taxonomy":"product_cat","embeddable":true,"href":"https:\/\/stifinder.com\/en\/wp-json\/wp\/v2\/product_cat?post=5774"},{"taxonomy":"product_tag","embeddable":true,"href":"https:\/\/stifinder.com\/en\/wp-json\/wp\/v2\/product_tag?post=5774"}],"curies":[{"name":"wp","href":"https:\/\/api.w.org\/{rel}","templated":true}]}}