{"id":888,"date":"2024-07-20T15:44:17","date_gmt":"2024-07-20T13:44:17","guid":{"rendered":"https:\/\/stifinder.com\/?post_type=product&#038;p=888"},"modified":"2025-08-20T11:39:44","modified_gmt":"2025-08-20T09:39:44","slug":"frisat","status":"publish","type":"product","link":"https:\/\/stifinder.com\/en\/products\/frisat\/","title":{"rendered":"Frisat"},"content":{"rendered":"","protected":false},"excerpt":{"rendered":"<p>Frisat er en bog om forandring. Om hvad der sker, n\u00e5r verden \u00e6ndrer sig omkring os. L\u00e6s bogen, hvis du vil l\u00e6re at se selv den st\u00f8rste modgang som en mulighed for udvikling. Hvis du vil blive klogere p\u00e5, hvordan en mere holistisk tilgang til patienter med kroniske sygdomme kan inspirere din sundhedsfaglige arbejdsplads. Hvis du er leder, der vil skabe forandring, der f\u00f8rer til resultater.<\/p>\n","protected":false},"featured_media":953,"template":"","meta":{"_acf_changed":false,"site-sidebar-layout":"default","site-content-layout":"default","ast-site-content-layout":"default","site-content-style":"default","site-sidebar-style":"default","ast-global-header-display":"","ast-banner-title-visibility":"","ast-main-header-display":"","ast-hfb-above-header-display":"","ast-hfb-below-header-display":"","ast-hfb-mobile-header-display":"","site-post-title":"","ast-breadcrumbs-content":"","ast-featured-img":"","footer-sml-layout":"","ast-disable-related-posts":"","theme-transparent-header-meta":"default","adv-header-id-meta":"","stick-header-meta":"","header-above-stick-meta":"","header-main-stick-meta":"","header-below-stick-meta":"","astra-migrate-meta-layouts":"set","ast-page-background-enabled":"default","ast-page-background-meta":{"desktop":{"background-color":"","background-image":"","background-repeat":"repeat","background-position":"center center","background-size":"auto","background-attachment":"scroll","background-type":"","background-media":"","overlay-type":"","overlay-color":"","overlay-opacity":"","overlay-gradient":""},"tablet":{"background-color":"","background-image":"","background-repeat":"repeat","background-position":"center center","background-size":"auto","background-attachment":"scroll","background-type":"","background-media":"","overlay-type":"","overlay-color":"","overlay-opacity":"","overlay-gradient":""},"mobile":{"background-color":"","background-image":"","background-repeat":"repeat","background-position":"center center","background-size":"auto","background-attachment":"scroll","background-type":"","background-media":"","overlay-type":"","overlay-color":"","overlay-opacity":"","overlay-gradient":""}},"ast-content-background-meta":{"desktop":{"background-color":"var(--ast-global-color-5)","background-image":"","background-repeat":"repeat","background-position":"center center","background-size":"auto","background-attachment":"scroll","background-type":"","background-media":"","overlay-type":"","overlay-color":"","overlay-opacity":"","overlay-gradient":""},"tablet":{"background-color":"var(--ast-global-color-5)","background-image":"","background-repeat":"repeat","background-position":"center center","background-size":"auto","background-attachment":"scroll","background-type":"","background-media":"","overlay-type":"","overlay-color":"","overlay-opacity":"","overlay-gradient":""},"mobile":{"background-color":"var(--ast-global-color-5)","background-image":"","background-repeat":"repeat","background-position":"center center","background-size":"auto","background-attachment":"scroll","background-type":"","background-media":"","overlay-type":"","overlay-color":"","overlay-opacity":"","overlay-gradient":""}}},"product_brand":[],"product_cat":[79],"product_tag":[],"class_list":{"0":"post-888","1":"product","2":"type-product","3":"status-publish","4":"has-post-thumbnail","6":"product_cat-boeger-musik","7":"desktop-align-center","8":"tablet-align-center","9":"mobile-align-center","10":"ast-product-gallery-layout-horizontal-slider","11":"ast-product-gallery-with-no-image","13":"first","14":"outofstock","15":"taxable","16":"shipping-taxable","17":"purchasable","18":"product-type-simple"},"acf":[],"yoast_head":"<!-- This site is optimized with the Yoast SEO plugin v27.5 - https:\/\/yoast.com\/product\/yoast-seo-wordpress\/ -->\n<title>K\u00f8b Frisat af Solveig Kolstad | En bog om forandring og verden | Stifinder<\/title>\n<meta name=\"description\" content=\"Frisat er en bog om forandring. Om hvad der sker, n\u00e5r verden \u00e6ndrer sig omkring os. L\u00e6s bogen, hvis du vil l\u00e6re at se selv den st\u00f8rste modgang som en mulighed for udvikling. Hvis du vil blive klogere p\u00e5, hvordan en mere holistisk tilgang til patienter med kroniske sygdomme kan inspirere din sundhedsfaglige arbejdsplads. Hvis du er leder, der vil skabe forandring, der f\u00f8rer til resultater.\" \/>\n<meta name=\"robots\" content=\"index, follow, max-snippet:-1, max-image-preview:large, max-video-preview:-1\" \/>\n<link rel=\"canonical\" href=\"https:\/\/stifinder.com\/en\/products\/frisat\/\" \/>\n<meta property=\"og:locale\" content=\"en_US\" \/>\n<meta property=\"og:type\" content=\"article\" \/>\n<meta property=\"og:title\" content=\"Frisat\" \/>\n<meta property=\"og:description\" content=\"Frisat er en bog om forandring. Om hvad der sker, n\u00e5r verden \u00e6ndrer sig omkring os. L\u00e6s bogen, hvis du vil l\u00e6re at se selv den st\u00f8rste modgang som en mulighed for udvikling. Hvis du vil blive klogere p\u00e5, hvordan en mere holistisk tilgang til patienter med kroniske sygdomme kan inspirere din sundhedsfaglige arbejdsplads. Hvis du er leder, der vil skabe forandring, der f\u00f8rer til resultater.\" \/>\n<meta property=\"og:url\" content=\"https:\/\/stifinder.com\/en\/products\/frisat\/\" \/>\n<meta property=\"og:site_name\" content=\"Stifinder\" \/>\n<meta property=\"article:modified_time\" content=\"2025-08-20T09:39:44+00:00\" \/>\n<meta property=\"og:image\" content=\"https:\/\/stifinder.com\/wp-content\/uploads\/2018\/09\/frisat.jpg\" \/>\n\t<meta property=\"og:image:width\" content=\"600\" \/>\n\t<meta property=\"og:image:height\" content=\"850\" \/>\n\t<meta property=\"og:image:type\" content=\"image\/jpeg\" \/>\n<meta name=\"twitter:card\" content=\"summary_large_image\" \/>\n<meta name=\"twitter:title\" content=\"Frisat\" \/>\n<meta name=\"twitter:description\" content=\"Frisat er en bog om forandring. Om hvad der sker, n\u00e5r verden \u00e6ndrer sig omkrings os. L\u00e6s bogen, hvis du vil l\u00e6re at se selv den st\u00f8rste modgang som en mulighed for udvikling. Hvis du vil blive klogere p\u00e5, hvordan en mere holistisk tilgang til patienter med kroniske sygdomme kan inspirere din sundhedsfaglige arbejdsplads. Hvis du er leder, der vil skabe forandring, der f\u00f8rer til resultater.\" \/>\n<meta name=\"twitter:image\" content=\"https:\/\/stifinder.com\/wp-content\/uploads\/2018\/09\/download-5.jpg\" \/>\n<meta name=\"twitter:label1\" content=\"Est. reading time\" \/>\n\t<meta name=\"twitter:data1\" content=\"1 minute\" \/>\n<script type=\"application\/ld+json\" class=\"yoast-schema-graph\">{\"@context\":\"https:\\\/\\\/schema.org\",\"@graph\":[{\"@type\":\"WebPage\",\"@id\":\"https:\\\/\\\/stifinder.com\\\/en\\\/products\\\/frisat\\\/\",\"url\":\"https:\\\/\\\/stifinder.com\\\/en\\\/products\\\/frisat\\\/\",\"name\":\"K\u00f8b Frisat af Solveig Kolstad | En bog om forandring og verden | Stifinder\",\"isPartOf\":{\"@id\":\"https:\\\/\\\/stifinder.com\\\/en\\\/#website\"},\"primaryImageOfPage\":{\"@id\":\"https:\\\/\\\/stifinder.com\\\/en\\\/products\\\/frisat\\\/#primaryimage\"},\"image\":{\"@id\":\"https:\\\/\\\/stifinder.com\\\/en\\\/products\\\/frisat\\\/#primaryimage\"},\"thumbnailUrl\":\"https:\\\/\\\/stifinder.com\\\/wp-content\\\/uploads\\\/2018\\\/09\\\/frisat.jpg\",\"datePublished\":\"2024-07-20T13:44:17+00:00\",\"dateModified\":\"2025-08-20T09:39:44+00:00\",\"description\":\"Frisat er en bog om forandring. Om hvad der sker, n\u00e5r verden \u00e6ndrer sig omkring os. L\u00e6s bogen, hvis du vil l\u00e6re at se selv den st\u00f8rste modgang som en mulighed for udvikling. Hvis du vil blive klogere p\u00e5, hvordan en mere holistisk tilgang til patienter med kroniske sygdomme kan inspirere din sundhedsfaglige arbejdsplads. Hvis du er leder, der vil skabe forandring, der f\u00f8rer til resultater.\",\"breadcrumb\":{\"@id\":\"https:\\\/\\\/stifinder.com\\\/en\\\/products\\\/frisat\\\/#breadcrumb\"},\"inLanguage\":\"en-US\",\"potentialAction\":[{\"@type\":\"ReadAction\",\"target\":[\"https:\\\/\\\/stifinder.com\\\/en\\\/products\\\/frisat\\\/\"]}]},{\"@type\":\"ImageObject\",\"inLanguage\":\"en-US\",\"@id\":\"https:\\\/\\\/stifinder.com\\\/en\\\/products\\\/frisat\\\/#primaryimage\",\"url\":\"https:\\\/\\\/stifinder.com\\\/wp-content\\\/uploads\\\/2018\\\/09\\\/frisat.jpg\",\"contentUrl\":\"https:\\\/\\\/stifinder.com\\\/wp-content\\\/uploads\\\/2018\\\/09\\\/frisat.jpg\",\"width\":600,\"height\":850,\"caption\":\"Frisat - Bog\"},{\"@type\":\"BreadcrumbList\",\"@id\":\"https:\\\/\\\/stifinder.com\\\/en\\\/products\\\/frisat\\\/#breadcrumb\",\"itemListElement\":[{\"@type\":\"ListItem\",\"position\":1,\"name\":\"Home\",\"item\":\"https:\\\/\\\/stifinder.com\\\/en\\\/\"},{\"@type\":\"ListItem\",\"position\":2,\"name\":\"Shop\",\"item\":\"https:\\\/\\\/stifinder.com\\\/en\\\/shop\\\/\"},{\"@type\":\"ListItem\",\"position\":3,\"name\":\"Frisat\"}]},{\"@type\":\"WebSite\",\"@id\":\"https:\\\/\\\/stifinder.com\\\/en\\\/#website\",\"url\":\"https:\\\/\\\/stifinder.com\\\/en\\\/\",\"name\":\"Stifinder\",\"description\":\"\",\"publisher\":{\"@id\":\"https:\\\/\\\/stifinder.com\\\/en\\\/#organization\"},\"potentialAction\":[{\"@type\":\"SearchAction\",\"target\":{\"@type\":\"EntryPoint\",\"urlTemplate\":\"https:\\\/\\\/stifinder.com\\\/en\\\/?s={search_term_string}\"},\"query-input\":{\"@type\":\"PropertyValueSpecification\",\"valueRequired\":true,\"valueName\":\"search_term_string\"}}],\"inLanguage\":\"en-US\"},{\"@type\":\"Organization\",\"@id\":\"https:\\\/\\\/stifinder.com\\\/en\\\/#organization\",\"name\":\"Stifinder\",\"url\":\"https:\\\/\\\/stifinder.com\\\/en\\\/\",\"logo\":{\"@type\":\"ImageObject\",\"inLanguage\":\"en-US\",\"@id\":\"https:\\\/\\\/stifinder.com\\\/en\\\/#\\\/schema\\\/logo\\\/image\\\/\",\"url\":\"https:\\\/\\\/stifinder.com\\\/wp-content\\\/uploads\\\/2018\\\/09\\\/stifinder_logo_grey.svg\",\"contentUrl\":\"https:\\\/\\\/stifinder.com\\\/wp-content\\\/uploads\\\/2018\\\/09\\\/stifinder_logo_grey.svg\",\"width\":14.1,\"height\":71.6,\"caption\":\"Stifinder\"},\"image\":{\"@id\":\"https:\\\/\\\/stifinder.com\\\/en\\\/#\\\/schema\\\/logo\\\/image\\\/\"}}]}<\/script>\n<!-- \/ Yoast SEO plugin. -->","yoast_head_json":{"title":"K\u00f8b Frisat af Solveig Kolstad | En bog om forandring og verden | Stifinder","description":"Frisat er en bog om forandring. Om hvad der sker, n\u00e5r verden \u00e6ndrer sig omkring os. L\u00e6s bogen, hvis du vil l\u00e6re at se selv den st\u00f8rste modgang som en mulighed for udvikling. Hvis du vil blive klogere p\u00e5, hvordan en mere holistisk tilgang til patienter med kroniske sygdomme kan inspirere din sundhedsfaglige arbejdsplads. Hvis du er leder, der vil skabe forandring, der f\u00f8rer til resultater.","robots":{"index":"index","follow":"follow","max-snippet":"max-snippet:-1","max-image-preview":"max-image-preview:large","max-video-preview":"max-video-preview:-1"},"canonical":"https:\/\/stifinder.com\/en\/products\/frisat\/","og_locale":"en_US","og_type":"article","og_title":"Frisat","og_description":"Frisat er en bog om forandring. Om hvad der sker, n\u00e5r verden \u00e6ndrer sig omkring os. L\u00e6s bogen, hvis du vil l\u00e6re at se selv den st\u00f8rste modgang som en mulighed for udvikling. Hvis du vil blive klogere p\u00e5, hvordan en mere holistisk tilgang til patienter med kroniske sygdomme kan inspirere din sundhedsfaglige arbejdsplads. Hvis du er leder, der vil skabe forandring, der f\u00f8rer til resultater.","og_url":"https:\/\/stifinder.com\/en\/products\/frisat\/","og_site_name":"Stifinder","article_modified_time":"2025-08-20T09:39:44+00:00","og_image":[{"width":600,"height":850,"url":"https:\/\/stifinder.com\/wp-content\/uploads\/2018\/09\/frisat.jpg","type":"image\/jpeg"}],"twitter_card":"summary_large_image","twitter_title":"Frisat","twitter_description":"Frisat er en bog om forandring. Om hvad der sker, n\u00e5r verden \u00e6ndrer sig omkrings os. L\u00e6s bogen, hvis du vil l\u00e6re at se selv den st\u00f8rste modgang som en mulighed for udvikling. Hvis du vil blive klogere p\u00e5, hvordan en mere holistisk tilgang til patienter med kroniske sygdomme kan inspirere din sundhedsfaglige arbejdsplads. Hvis du er leder, der vil skabe forandring, der f\u00f8rer til resultater.","twitter_image":"https:\/\/stifinder.com\/wp-content\/uploads\/2018\/09\/download-5.jpg","twitter_misc":{"Est. reading time":"1 minute"},"schema":{"@context":"https:\/\/schema.org","@graph":[{"@type":"WebPage","@id":"https:\/\/stifinder.com\/en\/products\/frisat\/","url":"https:\/\/stifinder.com\/en\/products\/frisat\/","name":"K\u00f8b Frisat af Solveig Kolstad | En bog om forandring og verden | Stifinder","isPartOf":{"@id":"https:\/\/stifinder.com\/en\/#website"},"primaryImageOfPage":{"@id":"https:\/\/stifinder.com\/en\/products\/frisat\/#primaryimage"},"image":{"@id":"https:\/\/stifinder.com\/en\/products\/frisat\/#primaryimage"},"thumbnailUrl":"https:\/\/stifinder.com\/wp-content\/uploads\/2018\/09\/frisat.jpg","datePublished":"2024-07-20T13:44:17+00:00","dateModified":"2025-08-20T09:39:44+00:00","description":"Frisat er en bog om forandring. Om hvad der sker, n\u00e5r verden \u00e6ndrer sig omkring os. L\u00e6s bogen, hvis du vil l\u00e6re at se selv den st\u00f8rste modgang som en mulighed for udvikling. Hvis du vil blive klogere p\u00e5, hvordan en mere holistisk tilgang til patienter med kroniske sygdomme kan inspirere din sundhedsfaglige arbejdsplads. Hvis du er leder, der vil skabe forandring, der f\u00f8rer til resultater.","breadcrumb":{"@id":"https:\/\/stifinder.com\/en\/products\/frisat\/#breadcrumb"},"inLanguage":"en-US","potentialAction":[{"@type":"ReadAction","target":["https:\/\/stifinder.com\/en\/products\/frisat\/"]}]},{"@type":"ImageObject","inLanguage":"en-US","@id":"https:\/\/stifinder.com\/en\/products\/frisat\/#primaryimage","url":"https:\/\/stifinder.com\/wp-content\/uploads\/2018\/09\/frisat.jpg","contentUrl":"https:\/\/stifinder.com\/wp-content\/uploads\/2018\/09\/frisat.jpg","width":600,"height":850,"caption":"Frisat - Bog"},{"@type":"BreadcrumbList","@id":"https:\/\/stifinder.com\/en\/products\/frisat\/#breadcrumb","itemListElement":[{"@type":"ListItem","position":1,"name":"Home","item":"https:\/\/stifinder.com\/en\/"},{"@type":"ListItem","position":2,"name":"Shop","item":"https:\/\/stifinder.com\/en\/shop\/"},{"@type":"ListItem","position":3,"name":"Frisat"}]},{"@type":"WebSite","@id":"https:\/\/stifinder.com\/en\/#website","url":"https:\/\/stifinder.com\/en\/","name":"Stifinder","description":"","publisher":{"@id":"https:\/\/stifinder.com\/en\/#organization"},"potentialAction":[{"@type":"SearchAction","target":{"@type":"EntryPoint","urlTemplate":"https:\/\/stifinder.com\/en\/?s={search_term_string}"},"query-input":{"@type":"PropertyValueSpecification","valueRequired":true,"valueName":"search_term_string"}}],"inLanguage":"en-US"},{"@type":"Organization","@id":"https:\/\/stifinder.com\/en\/#organization","name":"Stifinder","url":"https:\/\/stifinder.com\/en\/","logo":{"@type":"ImageObject","inLanguage":"en-US","@id":"https:\/\/stifinder.com\/en\/#\/schema\/logo\/image\/","url":"https:\/\/stifinder.com\/wp-content\/uploads\/2018\/09\/stifinder_logo_grey.svg","contentUrl":"https:\/\/stifinder.com\/wp-content\/uploads\/2018\/09\/stifinder_logo_grey.svg","width":14.1,"height":71.6,"caption":"Stifinder"},"image":{"@id":"https:\/\/stifinder.com\/en\/#\/schema\/logo\/image\/"}}]}},"_links":{"self":[{"href":"https:\/\/stifinder.com\/en\/wp-json\/wp\/v2\/product\/888","targetHints":{"allow":["GET"]}}],"collection":[{"href":"https:\/\/stifinder.com\/en\/wp-json\/wp\/v2\/product"}],"about":[{"href":"https:\/\/stifinder.com\/en\/wp-json\/wp\/v2\/types\/product"}],"version-history":[{"count":4,"href":"https:\/\/stifinder.com\/en\/wp-json\/wp\/v2\/product\/888\/revisions"}],"predecessor-version":[{"id":20073,"href":"https:\/\/stifinder.com\/en\/wp-json\/wp\/v2\/product\/888\/revisions\/20073"}],"wp:featuredmedia":[{"embeddable":true,"href":"https:\/\/stifinder.com\/en\/wp-json\/wp\/v2\/media\/953"}],"wp:attachment":[{"href":"https:\/\/stifinder.com\/en\/wp-json\/wp\/v2\/media?parent=888"}],"wp:term":[{"taxonomy":"product_brand","embeddable":true,"href":"https:\/\/stifinder.com\/en\/wp-json\/wp\/v2\/product_brand?post=888"},{"taxonomy":"product_cat","embeddable":true,"href":"https:\/\/stifinder.com\/en\/wp-json\/wp\/v2\/product_cat?post=888"},{"taxonomy":"product_tag","embeddable":true,"href":"https:\/\/stifinder.com\/en\/wp-json\/wp\/v2\/product_tag?post=888"}],"curies":[{"name":"wp","href":"https:\/\/api.w.org\/{rel}","templated":true}]}}