{"id":890,"date":"2023-12-27T15:46:11","date_gmt":"2023-12-27T14:46:11","guid":{"rendered":"https:\/\/stifinder.com\/?post_type=product&#038;p=890"},"modified":"2026-03-27T11:26:51","modified_gmt":"2026-03-27T10:26:51","slug":"pathfinder-book","status":"publish","type":"product","link":"https:\/\/stifinder.com\/en\/products\/pathfinder-book\/","title":{"rendered":"The Pathfinder"},"content":{"rendered":"","protected":false},"excerpt":{"rendered":"<p>This book is based on one single idea:<\/p>\n<p>\u201cThe future does not happen by itself. Someone always makes it happen. This someone might as well be you.\u201d<\/p>\n<p>The story in the book is my own. It is about successes and failures in my life. And most of all, how these experiences have made it possible for me to transform and to find my purpose in life.<\/p>\n<p><span class=\"Apple-converted-space\">\u00a0<\/span>My wish is that the book will awake your curiosity to think and envision what may be your possibilities in your future &#8211; what is waiting to be found in your life.<span class=\"Apple-converted-space\">\u00a0<\/span><\/p>\n<ul>\n<li>Lasse Z\u00e4ll<\/li>\n<\/ul>\n","protected":false},"featured_media":957,"template":"","meta":{"_acf_changed":false,"site-sidebar-layout":"no-sidebar","site-content-layout":"page-builder","ast-site-content-layout":"default","site-content-style":"default","site-sidebar-style":"default","ast-global-header-display":"","ast-banner-title-visibility":"","ast-main-header-display":"","ast-hfb-above-header-display":"","ast-hfb-below-header-display":"","ast-hfb-mobile-header-display":"","site-post-title":"disabled","ast-breadcrumbs-content":"","ast-featured-img":"disabled","footer-sml-layout":"","ast-disable-related-posts":"","theme-transparent-header-meta":"default","adv-header-id-meta":"","stick-header-meta":"","header-above-stick-meta":"","header-main-stick-meta":"","header-below-stick-meta":"","astra-migrate-meta-layouts":"default","ast-page-background-enabled":"default","ast-page-background-meta":{"desktop":{"background-color":"","background-image":"","background-repeat":"repeat","background-position":"center center","background-size":"auto","background-attachment":"scroll","background-type":"","background-media":"","overlay-type":"","overlay-color":"","overlay-opacity":"","overlay-gradient":""},"tablet":{"background-color":"","background-image":"","background-repeat":"repeat","background-position":"center center","background-size":"auto","background-attachment":"scroll","background-type":"","background-media":"","overlay-type":"","overlay-color":"","overlay-opacity":"","overlay-gradient":""},"mobile":{"background-color":"","background-image":"","background-repeat":"repeat","background-position":"center center","background-size":"auto","background-attachment":"scroll","background-type":"","background-media":"","overlay-type":"","overlay-color":"","overlay-opacity":"","overlay-gradient":""}},"ast-content-background-meta":{"desktop":{"background-color":"var(--ast-global-color-5)","background-image":"","background-repeat":"repeat","background-position":"center center","background-size":"auto","background-attachment":"scroll","background-type":"","background-media":"","overlay-type":"","overlay-color":"","overlay-opacity":"","overlay-gradient":""},"tablet":{"background-color":"var(--ast-global-color-5)","background-image":"","background-repeat":"repeat","background-position":"center center","background-size":"auto","background-attachment":"scroll","background-type":"","background-media":"","overlay-type":"","overlay-color":"","overlay-opacity":"","overlay-gradient":""},"mobile":{"background-color":"var(--ast-global-color-5)","background-image":"","background-repeat":"repeat","background-position":"center center","background-size":"auto","background-attachment":"scroll","background-type":"","background-media":"","overlay-type":"","overlay-color":"","overlay-opacity":"","overlay-gradient":""}}},"product_brand":[],"product_cat":[79],"product_tag":[],"class_list":{"0":"post-890","1":"product","2":"type-product","3":"status-publish","4":"has-post-thumbnail","6":"product_cat-boeger-musik","7":"desktop-align-center","8":"tablet-align-center","9":"mobile-align-center","10":"ast-product-gallery-layout-horizontal-slider","11":"ast-product-gallery-with-no-image","13":"first","14":"instock","15":"taxable","16":"shipping-taxable","17":"purchasable","18":"product-type-simple"},"acf":[],"yoast_head":"<!-- This site is optimized with the Yoast SEO plugin v27.4 - https:\/\/yoast.com\/product\/yoast-seo-wordpress\/ -->\n<title>The Pathfinder | Stifinder<\/title>\n<meta name=\"description\" content=\"Shortsleeved oversized hoody med en stor \u00f8rn syet p\u00e5 ryggen. Ingen elastik, syninger samlet p\u00e5 ryggen, s\u00e5 den h\u00e6nger som en kappe p\u00e5 en superhelt eller brynje p\u00e5 en\" \/>\n<meta name=\"robots\" content=\"index, follow, max-snippet:-1, max-image-preview:large, max-video-preview:-1\" \/>\n<link rel=\"canonical\" href=\"https:\/\/stifinder.com\/en\/products\/pathfinder-book\/\" \/>\n<meta property=\"og:locale\" content=\"en_US\" \/>\n<meta property=\"og:type\" content=\"article\" \/>\n<meta property=\"og:title\" content=\"The Pathfinder | Stifinder\" \/>\n<meta property=\"og:description\" content=\"Shortsleeved oversized hoody med en stor \u00f8rn syet p\u00e5 ryggen. Ingen elastik, syninger samlet p\u00e5 ryggen, s\u00e5 den h\u00e6nger som en kappe p\u00e5 en superhelt eller brynje p\u00e5 en\" \/>\n<meta property=\"og:url\" content=\"https:\/\/stifinder.com\/en\/products\/pathfinder-book\/\" \/>\n<meta property=\"og:site_name\" content=\"Stifinder\" \/>\n<meta property=\"article:modified_time\" content=\"2026-03-27T10:26:51+00:00\" \/>\n<meta property=\"og:image\" content=\"https:\/\/stifinder.com\/wp-content\/uploads\/2018\/09\/thepathfinder.jpg\" \/>\n\t<meta property=\"og:image:width\" content=\"600\" \/>\n\t<meta property=\"og:image:height\" content=\"850\" \/>\n\t<meta property=\"og:image:type\" content=\"image\/jpeg\" \/>\n<meta name=\"twitter:card\" content=\"summary_large_image\" \/>\n<script type=\"application\/ld+json\" class=\"yoast-schema-graph\">{\"@context\":\"https:\\\/\\\/schema.org\",\"@graph\":[{\"@type\":\"WebPage\",\"@id\":\"https:\\\/\\\/stifinder.com\\\/en\\\/products\\\/pathfinder-book\\\/\",\"url\":\"https:\\\/\\\/stifinder.com\\\/en\\\/products\\\/pathfinder-book\\\/\",\"name\":\"The Pathfinder | Stifinder\",\"isPartOf\":{\"@id\":\"https:\\\/\\\/stifinder.com\\\/en\\\/#website\"},\"primaryImageOfPage\":{\"@id\":\"https:\\\/\\\/stifinder.com\\\/en\\\/products\\\/pathfinder-book\\\/#primaryimage\"},\"image\":{\"@id\":\"https:\\\/\\\/stifinder.com\\\/en\\\/products\\\/pathfinder-book\\\/#primaryimage\"},\"thumbnailUrl\":\"https:\\\/\\\/stifinder.com\\\/wp-content\\\/uploads\\\/2018\\\/09\\\/thepathfinder.jpg\",\"datePublished\":\"2023-12-27T14:46:11+00:00\",\"dateModified\":\"2026-03-27T10:26:51+00:00\",\"description\":\"Shortsleeved oversized hoody med en stor \u00f8rn syet p\u00e5 ryggen. Ingen elastik, syninger samlet p\u00e5 ryggen, s\u00e5 den h\u00e6nger som en kappe p\u00e5 en superhelt eller brynje p\u00e5 en\",\"breadcrumb\":{\"@id\":\"https:\\\/\\\/stifinder.com\\\/en\\\/products\\\/pathfinder-book\\\/#breadcrumb\"},\"inLanguage\":\"en-US\",\"potentialAction\":[{\"@type\":\"ReadAction\",\"target\":[\"https:\\\/\\\/stifinder.com\\\/en\\\/products\\\/pathfinder-book\\\/\"]}]},{\"@type\":\"ImageObject\",\"inLanguage\":\"en-US\",\"@id\":\"https:\\\/\\\/stifinder.com\\\/en\\\/products\\\/pathfinder-book\\\/#primaryimage\",\"url\":\"https:\\\/\\\/stifinder.com\\\/wp-content\\\/uploads\\\/2018\\\/09\\\/thepathfinder.jpg\",\"contentUrl\":\"https:\\\/\\\/stifinder.com\\\/wp-content\\\/uploads\\\/2018\\\/09\\\/thepathfinder.jpg\",\"width\":600,\"height\":850,\"caption\":\"The Pathfinder - Bog\"},{\"@type\":\"BreadcrumbList\",\"@id\":\"https:\\\/\\\/stifinder.com\\\/en\\\/products\\\/pathfinder-book\\\/#breadcrumb\",\"itemListElement\":[{\"@type\":\"ListItem\",\"position\":1,\"name\":\"Home\",\"item\":\"https:\\\/\\\/stifinder.com\\\/en\\\/\"},{\"@type\":\"ListItem\",\"position\":2,\"name\":\"Shop\",\"item\":\"https:\\\/\\\/stifinder.com\\\/en\\\/shop\\\/\"},{\"@type\":\"ListItem\",\"position\":3,\"name\":\"The Pathfinder\"}]},{\"@type\":\"WebSite\",\"@id\":\"https:\\\/\\\/stifinder.com\\\/en\\\/#website\",\"url\":\"https:\\\/\\\/stifinder.com\\\/en\\\/\",\"name\":\"Stifinder\",\"description\":\"\",\"publisher\":{\"@id\":\"https:\\\/\\\/stifinder.com\\\/en\\\/#organization\"},\"potentialAction\":[{\"@type\":\"SearchAction\",\"target\":{\"@type\":\"EntryPoint\",\"urlTemplate\":\"https:\\\/\\\/stifinder.com\\\/en\\\/?s={search_term_string}\"},\"query-input\":{\"@type\":\"PropertyValueSpecification\",\"valueRequired\":true,\"valueName\":\"search_term_string\"}}],\"inLanguage\":\"en-US\"},{\"@type\":\"Organization\",\"@id\":\"https:\\\/\\\/stifinder.com\\\/en\\\/#organization\",\"name\":\"Stifinder\",\"url\":\"https:\\\/\\\/stifinder.com\\\/en\\\/\",\"logo\":{\"@type\":\"ImageObject\",\"inLanguage\":\"en-US\",\"@id\":\"https:\\\/\\\/stifinder.com\\\/en\\\/#\\\/schema\\\/logo\\\/image\\\/\",\"url\":\"https:\\\/\\\/stifinder.com\\\/wp-content\\\/uploads\\\/2018\\\/09\\\/stifinder_logo_grey.svg\",\"contentUrl\":\"https:\\\/\\\/stifinder.com\\\/wp-content\\\/uploads\\\/2018\\\/09\\\/stifinder_logo_grey.svg\",\"width\":14.1,\"height\":71.6,\"caption\":\"Stifinder\"},\"image\":{\"@id\":\"https:\\\/\\\/stifinder.com\\\/en\\\/#\\\/schema\\\/logo\\\/image\\\/\"}}]}<\/script>\n<!-- \/ Yoast SEO plugin. -->","yoast_head_json":{"title":"The Pathfinder | Stifinder","description":"Shortsleeved oversized hoody med en stor \u00f8rn syet p\u00e5 ryggen. Ingen elastik, syninger samlet p\u00e5 ryggen, s\u00e5 den h\u00e6nger som en kappe p\u00e5 en superhelt eller brynje p\u00e5 en","robots":{"index":"index","follow":"follow","max-snippet":"max-snippet:-1","max-image-preview":"max-image-preview:large","max-video-preview":"max-video-preview:-1"},"canonical":"https:\/\/stifinder.com\/en\/products\/pathfinder-book\/","og_locale":"en_US","og_type":"article","og_title":"The Pathfinder | Stifinder","og_description":"Shortsleeved oversized hoody med en stor \u00f8rn syet p\u00e5 ryggen. Ingen elastik, syninger samlet p\u00e5 ryggen, s\u00e5 den h\u00e6nger som en kappe p\u00e5 en superhelt eller brynje p\u00e5 en","og_url":"https:\/\/stifinder.com\/en\/products\/pathfinder-book\/","og_site_name":"Stifinder","article_modified_time":"2026-03-27T10:26:51+00:00","og_image":[{"width":600,"height":850,"url":"https:\/\/stifinder.com\/wp-content\/uploads\/2018\/09\/thepathfinder.jpg","type":"image\/jpeg"}],"twitter_card":"summary_large_image","schema":{"@context":"https:\/\/schema.org","@graph":[{"@type":"WebPage","@id":"https:\/\/stifinder.com\/en\/products\/pathfinder-book\/","url":"https:\/\/stifinder.com\/en\/products\/pathfinder-book\/","name":"The Pathfinder | Stifinder","isPartOf":{"@id":"https:\/\/stifinder.com\/en\/#website"},"primaryImageOfPage":{"@id":"https:\/\/stifinder.com\/en\/products\/pathfinder-book\/#primaryimage"},"image":{"@id":"https:\/\/stifinder.com\/en\/products\/pathfinder-book\/#primaryimage"},"thumbnailUrl":"https:\/\/stifinder.com\/wp-content\/uploads\/2018\/09\/thepathfinder.jpg","datePublished":"2023-12-27T14:46:11+00:00","dateModified":"2026-03-27T10:26:51+00:00","description":"Shortsleeved oversized hoody med en stor \u00f8rn syet p\u00e5 ryggen. Ingen elastik, syninger samlet p\u00e5 ryggen, s\u00e5 den h\u00e6nger som en kappe p\u00e5 en superhelt eller brynje p\u00e5 en","breadcrumb":{"@id":"https:\/\/stifinder.com\/en\/products\/pathfinder-book\/#breadcrumb"},"inLanguage":"en-US","potentialAction":[{"@type":"ReadAction","target":["https:\/\/stifinder.com\/en\/products\/pathfinder-book\/"]}]},{"@type":"ImageObject","inLanguage":"en-US","@id":"https:\/\/stifinder.com\/en\/products\/pathfinder-book\/#primaryimage","url":"https:\/\/stifinder.com\/wp-content\/uploads\/2018\/09\/thepathfinder.jpg","contentUrl":"https:\/\/stifinder.com\/wp-content\/uploads\/2018\/09\/thepathfinder.jpg","width":600,"height":850,"caption":"The Pathfinder - Bog"},{"@type":"BreadcrumbList","@id":"https:\/\/stifinder.com\/en\/products\/pathfinder-book\/#breadcrumb","itemListElement":[{"@type":"ListItem","position":1,"name":"Home","item":"https:\/\/stifinder.com\/en\/"},{"@type":"ListItem","position":2,"name":"Shop","item":"https:\/\/stifinder.com\/en\/shop\/"},{"@type":"ListItem","position":3,"name":"The Pathfinder"}]},{"@type":"WebSite","@id":"https:\/\/stifinder.com\/en\/#website","url":"https:\/\/stifinder.com\/en\/","name":"Stifinder","description":"","publisher":{"@id":"https:\/\/stifinder.com\/en\/#organization"},"potentialAction":[{"@type":"SearchAction","target":{"@type":"EntryPoint","urlTemplate":"https:\/\/stifinder.com\/en\/?s={search_term_string}"},"query-input":{"@type":"PropertyValueSpecification","valueRequired":true,"valueName":"search_term_string"}}],"inLanguage":"en-US"},{"@type":"Organization","@id":"https:\/\/stifinder.com\/en\/#organization","name":"Stifinder","url":"https:\/\/stifinder.com\/en\/","logo":{"@type":"ImageObject","inLanguage":"en-US","@id":"https:\/\/stifinder.com\/en\/#\/schema\/logo\/image\/","url":"https:\/\/stifinder.com\/wp-content\/uploads\/2018\/09\/stifinder_logo_grey.svg","contentUrl":"https:\/\/stifinder.com\/wp-content\/uploads\/2018\/09\/stifinder_logo_grey.svg","width":14.1,"height":71.6,"caption":"Stifinder"},"image":{"@id":"https:\/\/stifinder.com\/en\/#\/schema\/logo\/image\/"}}]}},"_links":{"self":[{"href":"https:\/\/stifinder.com\/en\/wp-json\/wp\/v2\/product\/890","targetHints":{"allow":["GET"]}}],"collection":[{"href":"https:\/\/stifinder.com\/en\/wp-json\/wp\/v2\/product"}],"about":[{"href":"https:\/\/stifinder.com\/en\/wp-json\/wp\/v2\/types\/product"}],"version-history":[{"count":5,"href":"https:\/\/stifinder.com\/en\/wp-json\/wp\/v2\/product\/890\/revisions"}],"predecessor-version":[{"id":2533,"href":"https:\/\/stifinder.com\/en\/wp-json\/wp\/v2\/product\/890\/revisions\/2533"}],"wp:featuredmedia":[{"embeddable":true,"href":"https:\/\/stifinder.com\/en\/wp-json\/wp\/v2\/media\/957"}],"wp:attachment":[{"href":"https:\/\/stifinder.com\/en\/wp-json\/wp\/v2\/media?parent=890"}],"wp:term":[{"taxonomy":"product_brand","embeddable":true,"href":"https:\/\/stifinder.com\/en\/wp-json\/wp\/v2\/product_brand?post=890"},{"taxonomy":"product_cat","embeddable":true,"href":"https:\/\/stifinder.com\/en\/wp-json\/wp\/v2\/product_cat?post=890"},{"taxonomy":"product_tag","embeddable":true,"href":"https:\/\/stifinder.com\/en\/wp-json\/wp\/v2\/product_tag?post=890"}],"curies":[{"name":"wp","href":"https:\/\/api.w.org\/{rel}","templated":true}]}}