{"id":894,"date":"2020-01-02T15:50:42","date_gmt":"2020-01-02T14:50:42","guid":{"rendered":"https:\/\/stifinder.com\/?post_type=product&#038;p=894"},"modified":"2020-05-28T14:25:57","modified_gmt":"2020-05-28T12:25:57","slug":"folder-om-stifinderprogrammet","status":"publish","type":"product","link":"https:\/\/stifinder.com\/en\/products\/folder-om-stifinderprogrammet\/","title":{"rendered":"Folder om Stifinderprogrammet"},"content":{"rendered":"","protected":false},"excerpt":{"rendered":"<p>Gratis folder.<\/p>\n<p>Er du nysgerrig efter at l\u00e6se mere om Stifinderprogrammet, s\u00e5 bestil denne flyer som beskriver lederuddannelsen. Folderen giver et kort men godt indblik i forl\u00f8bets tre moduler, og indeholder samtidig udtalelser fra to personer, der har gennemf\u00f8rt Stifinderprogrammet.<\/p>\n<p>Husk ogs\u00e5 at bestille bogen om Stifinderen.<\/p>\n","protected":false},"featured_media":954,"template":"","meta":{"_acf_changed":false,"site-sidebar-layout":"default","site-content-layout":"default","ast-site-content-layout":"default","site-content-style":"default","site-sidebar-style":"default","ast-global-header-display":"","ast-banner-title-visibility":"","ast-main-header-display":"","ast-hfb-above-header-display":"","ast-hfb-below-header-display":"","ast-hfb-mobile-header-display":"","site-post-title":"","ast-breadcrumbs-content":"","ast-featured-img":"","footer-sml-layout":"","ast-disable-related-posts":"","theme-transparent-header-meta":"default","adv-header-id-meta":"","stick-header-meta":"","header-above-stick-meta":"","header-main-stick-meta":"","header-below-stick-meta":"","astra-migrate-meta-layouts":"default","ast-page-background-enabled":"default","ast-page-background-meta":{"desktop":{"background-color":"","background-image":"","background-repeat":"repeat","background-position":"center center","background-size":"auto","background-attachment":"scroll","background-type":"","background-media":"","overlay-type":"","overlay-color":"","overlay-opacity":"","overlay-gradient":""},"tablet":{"background-color":"","background-image":"","background-repeat":"repeat","background-position":"center center","background-size":"auto","background-attachment":"scroll","background-type":"","background-media":"","overlay-type":"","overlay-color":"","overlay-opacity":"","overlay-gradient":""},"mobile":{"background-color":"","background-image":"","background-repeat":"repeat","background-position":"center center","background-size":"auto","background-attachment":"scroll","background-type":"","background-media":"","overlay-type":"","overlay-color":"","overlay-opacity":"","overlay-gradient":""}},"ast-content-background-meta":{"desktop":{"background-color":"var(--ast-global-color-5)","background-image":"","background-repeat":"repeat","background-position":"center center","background-size":"auto","background-attachment":"scroll","background-type":"","background-media":"","overlay-type":"","overlay-color":"","overlay-opacity":"","overlay-gradient":""},"tablet":{"background-color":"var(--ast-global-color-5)","background-image":"","background-repeat":"repeat","background-position":"center center","background-size":"auto","background-attachment":"scroll","background-type":"","background-media":"","overlay-type":"","overlay-color":"","overlay-opacity":"","overlay-gradient":""},"mobile":{"background-color":"var(--ast-global-color-5)","background-image":"","background-repeat":"repeat","background-position":"center center","background-size":"auto","background-attachment":"scroll","background-type":"","background-media":"","overlay-type":"","overlay-color":"","overlay-opacity":"","overlay-gradient":""}}},"product_brand":[],"product_cat":[79],"product_tag":[],"class_list":{"0":"post-894","1":"product","2":"type-product","3":"status-publish","4":"has-post-thumbnail","6":"product_cat-boeger-musik","7":"desktop-align-center","8":"tablet-align-center","9":"mobile-align-center","10":"ast-product-gallery-layout-horizontal-slider","11":"ast-product-gallery-with-no-image","13":"first","14":"instock","15":"taxable","16":"shipping-taxable","17":"purchasable","18":"product-type-simple"},"acf":[],"yoast_head":"<!-- This site is optimized with the Yoast SEO plugin v27.5 - https:\/\/yoast.com\/product\/yoast-seo-wordpress\/ -->\n<title>Folder om Stifinderprogrammet | Stifinder<\/title>\n<meta name=\"description\" content=\"Shortsleeved oversized hoody med en stor \u00f8rn syet p\u00e5 ryggen. Ingen elastik, syninger samlet p\u00e5 ryggen, s\u00e5 den h\u00e6nger som en kappe p\u00e5 en superhelt eller brynje p\u00e5 en\" \/>\n<meta name=\"robots\" content=\"index, follow, max-snippet:-1, max-image-preview:large, max-video-preview:-1\" \/>\n<link rel=\"canonical\" href=\"https:\/\/stifinder.com\/en\/products\/folder-om-stifinderprogrammet\/\" \/>\n<meta property=\"og:locale\" content=\"en_US\" \/>\n<meta property=\"og:type\" content=\"article\" \/>\n<meta property=\"og:title\" content=\"Folder om Stifinderprogrammet | Stifinder\" \/>\n<meta property=\"og:description\" content=\"Shortsleeved oversized hoody med en stor \u00f8rn syet p\u00e5 ryggen. Ingen elastik, syninger samlet p\u00e5 ryggen, s\u00e5 den h\u00e6nger som en kappe p\u00e5 en superhelt eller brynje p\u00e5 en\" \/>\n<meta property=\"og:url\" content=\"https:\/\/stifinder.com\/en\/products\/folder-om-stifinderprogrammet\/\" \/>\n<meta property=\"og:site_name\" content=\"Stifinder\" \/>\n<meta property=\"article:modified_time\" content=\"2020-05-28T12:25:57+00:00\" \/>\n<meta property=\"og:image\" content=\"https:\/\/stifinder.com\/wp-content\/uploads\/2018\/09\/stifinderprogrammet.jpg\" \/>\n\t<meta property=\"og:image:width\" content=\"600\" \/>\n\t<meta property=\"og:image:height\" content=\"850\" \/>\n\t<meta property=\"og:image:type\" content=\"image\/jpeg\" \/>\n<meta name=\"twitter:card\" content=\"summary_large_image\" \/>\n<script type=\"application\/ld+json\" class=\"yoast-schema-graph\">{\"@context\":\"https:\\\/\\\/schema.org\",\"@graph\":[{\"@type\":\"WebPage\",\"@id\":\"https:\\\/\\\/stifinder.com\\\/en\\\/products\\\/folder-om-stifinderprogrammet\\\/\",\"url\":\"https:\\\/\\\/stifinder.com\\\/en\\\/products\\\/folder-om-stifinderprogrammet\\\/\",\"name\":\"Folder om Stifinderprogrammet | Stifinder\",\"isPartOf\":{\"@id\":\"https:\\\/\\\/stifinder.com\\\/en\\\/#website\"},\"primaryImageOfPage\":{\"@id\":\"https:\\\/\\\/stifinder.com\\\/en\\\/products\\\/folder-om-stifinderprogrammet\\\/#primaryimage\"},\"image\":{\"@id\":\"https:\\\/\\\/stifinder.com\\\/en\\\/products\\\/folder-om-stifinderprogrammet\\\/#primaryimage\"},\"thumbnailUrl\":\"https:\\\/\\\/stifinder.com\\\/wp-content\\\/uploads\\\/2018\\\/09\\\/stifinderprogrammet.jpg\",\"datePublished\":\"2020-01-02T14:50:42+00:00\",\"dateModified\":\"2020-05-28T12:25:57+00:00\",\"description\":\"Shortsleeved oversized hoody med en stor \u00f8rn syet p\u00e5 ryggen. Ingen elastik, syninger samlet p\u00e5 ryggen, s\u00e5 den h\u00e6nger som en kappe p\u00e5 en superhelt eller brynje p\u00e5 en\",\"breadcrumb\":{\"@id\":\"https:\\\/\\\/stifinder.com\\\/en\\\/products\\\/folder-om-stifinderprogrammet\\\/#breadcrumb\"},\"inLanguage\":\"en-US\",\"potentialAction\":[{\"@type\":\"ReadAction\",\"target\":[\"https:\\\/\\\/stifinder.com\\\/en\\\/products\\\/folder-om-stifinderprogrammet\\\/\"]}]},{\"@type\":\"ImageObject\",\"inLanguage\":\"en-US\",\"@id\":\"https:\\\/\\\/stifinder.com\\\/en\\\/products\\\/folder-om-stifinderprogrammet\\\/#primaryimage\",\"url\":\"https:\\\/\\\/stifinder.com\\\/wp-content\\\/uploads\\\/2018\\\/09\\\/stifinderprogrammet.jpg\",\"contentUrl\":\"https:\\\/\\\/stifinder.com\\\/wp-content\\\/uploads\\\/2018\\\/09\\\/stifinderprogrammet.jpg\",\"width\":600,\"height\":850,\"caption\":\"Om Stifinderprogrammet\"},{\"@type\":\"BreadcrumbList\",\"@id\":\"https:\\\/\\\/stifinder.com\\\/en\\\/products\\\/folder-om-stifinderprogrammet\\\/#breadcrumb\",\"itemListElement\":[{\"@type\":\"ListItem\",\"position\":1,\"name\":\"Home\",\"item\":\"https:\\\/\\\/stifinder.com\\\/en\\\/\"},{\"@type\":\"ListItem\",\"position\":2,\"name\":\"Shop\",\"item\":\"https:\\\/\\\/stifinder.com\\\/en\\\/shop\\\/\"},{\"@type\":\"ListItem\",\"position\":3,\"name\":\"Folder om Stifinderprogrammet\"}]},{\"@type\":\"WebSite\",\"@id\":\"https:\\\/\\\/stifinder.com\\\/en\\\/#website\",\"url\":\"https:\\\/\\\/stifinder.com\\\/en\\\/\",\"name\":\"Stifinder\",\"description\":\"\",\"publisher\":{\"@id\":\"https:\\\/\\\/stifinder.com\\\/en\\\/#organization\"},\"potentialAction\":[{\"@type\":\"SearchAction\",\"target\":{\"@type\":\"EntryPoint\",\"urlTemplate\":\"https:\\\/\\\/stifinder.com\\\/en\\\/?s={search_term_string}\"},\"query-input\":{\"@type\":\"PropertyValueSpecification\",\"valueRequired\":true,\"valueName\":\"search_term_string\"}}],\"inLanguage\":\"en-US\"},{\"@type\":\"Organization\",\"@id\":\"https:\\\/\\\/stifinder.com\\\/en\\\/#organization\",\"name\":\"Stifinder\",\"url\":\"https:\\\/\\\/stifinder.com\\\/en\\\/\",\"logo\":{\"@type\":\"ImageObject\",\"inLanguage\":\"en-US\",\"@id\":\"https:\\\/\\\/stifinder.com\\\/en\\\/#\\\/schema\\\/logo\\\/image\\\/\",\"url\":\"https:\\\/\\\/stifinder.com\\\/wp-content\\\/uploads\\\/2018\\\/09\\\/stifinder_logo_grey.svg\",\"contentUrl\":\"https:\\\/\\\/stifinder.com\\\/wp-content\\\/uploads\\\/2018\\\/09\\\/stifinder_logo_grey.svg\",\"width\":14.1,\"height\":71.6,\"caption\":\"Stifinder\"},\"image\":{\"@id\":\"https:\\\/\\\/stifinder.com\\\/en\\\/#\\\/schema\\\/logo\\\/image\\\/\"}}]}<\/script>\n<!-- \/ Yoast SEO plugin. -->","yoast_head_json":{"title":"Folder om Stifinderprogrammet | Stifinder","description":"Shortsleeved oversized hoody med en stor \u00f8rn syet p\u00e5 ryggen. Ingen elastik, syninger samlet p\u00e5 ryggen, s\u00e5 den h\u00e6nger som en kappe p\u00e5 en superhelt eller brynje p\u00e5 en","robots":{"index":"index","follow":"follow","max-snippet":"max-snippet:-1","max-image-preview":"max-image-preview:large","max-video-preview":"max-video-preview:-1"},"canonical":"https:\/\/stifinder.com\/en\/products\/folder-om-stifinderprogrammet\/","og_locale":"en_US","og_type":"article","og_title":"Folder om Stifinderprogrammet | Stifinder","og_description":"Shortsleeved oversized hoody med en stor \u00f8rn syet p\u00e5 ryggen. Ingen elastik, syninger samlet p\u00e5 ryggen, s\u00e5 den h\u00e6nger som en kappe p\u00e5 en superhelt eller brynje p\u00e5 en","og_url":"https:\/\/stifinder.com\/en\/products\/folder-om-stifinderprogrammet\/","og_site_name":"Stifinder","article_modified_time":"2020-05-28T12:25:57+00:00","og_image":[{"width":600,"height":850,"url":"https:\/\/stifinder.com\/wp-content\/uploads\/2018\/09\/stifinderprogrammet.jpg","type":"image\/jpeg"}],"twitter_card":"summary_large_image","schema":{"@context":"https:\/\/schema.org","@graph":[{"@type":"WebPage","@id":"https:\/\/stifinder.com\/en\/products\/folder-om-stifinderprogrammet\/","url":"https:\/\/stifinder.com\/en\/products\/folder-om-stifinderprogrammet\/","name":"Folder om Stifinderprogrammet | Stifinder","isPartOf":{"@id":"https:\/\/stifinder.com\/en\/#website"},"primaryImageOfPage":{"@id":"https:\/\/stifinder.com\/en\/products\/folder-om-stifinderprogrammet\/#primaryimage"},"image":{"@id":"https:\/\/stifinder.com\/en\/products\/folder-om-stifinderprogrammet\/#primaryimage"},"thumbnailUrl":"https:\/\/stifinder.com\/wp-content\/uploads\/2018\/09\/stifinderprogrammet.jpg","datePublished":"2020-01-02T14:50:42+00:00","dateModified":"2020-05-28T12:25:57+00:00","description":"Shortsleeved oversized hoody med en stor \u00f8rn syet p\u00e5 ryggen. Ingen elastik, syninger samlet p\u00e5 ryggen, s\u00e5 den h\u00e6nger som en kappe p\u00e5 en superhelt eller brynje p\u00e5 en","breadcrumb":{"@id":"https:\/\/stifinder.com\/en\/products\/folder-om-stifinderprogrammet\/#breadcrumb"},"inLanguage":"en-US","potentialAction":[{"@type":"ReadAction","target":["https:\/\/stifinder.com\/en\/products\/folder-om-stifinderprogrammet\/"]}]},{"@type":"ImageObject","inLanguage":"en-US","@id":"https:\/\/stifinder.com\/en\/products\/folder-om-stifinderprogrammet\/#primaryimage","url":"https:\/\/stifinder.com\/wp-content\/uploads\/2018\/09\/stifinderprogrammet.jpg","contentUrl":"https:\/\/stifinder.com\/wp-content\/uploads\/2018\/09\/stifinderprogrammet.jpg","width":600,"height":850,"caption":"Om Stifinderprogrammet"},{"@type":"BreadcrumbList","@id":"https:\/\/stifinder.com\/en\/products\/folder-om-stifinderprogrammet\/#breadcrumb","itemListElement":[{"@type":"ListItem","position":1,"name":"Home","item":"https:\/\/stifinder.com\/en\/"},{"@type":"ListItem","position":2,"name":"Shop","item":"https:\/\/stifinder.com\/en\/shop\/"},{"@type":"ListItem","position":3,"name":"Folder om Stifinderprogrammet"}]},{"@type":"WebSite","@id":"https:\/\/stifinder.com\/en\/#website","url":"https:\/\/stifinder.com\/en\/","name":"Stifinder","description":"","publisher":{"@id":"https:\/\/stifinder.com\/en\/#organization"},"potentialAction":[{"@type":"SearchAction","target":{"@type":"EntryPoint","urlTemplate":"https:\/\/stifinder.com\/en\/?s={search_term_string}"},"query-input":{"@type":"PropertyValueSpecification","valueRequired":true,"valueName":"search_term_string"}}],"inLanguage":"en-US"},{"@type":"Organization","@id":"https:\/\/stifinder.com\/en\/#organization","name":"Stifinder","url":"https:\/\/stifinder.com\/en\/","logo":{"@type":"ImageObject","inLanguage":"en-US","@id":"https:\/\/stifinder.com\/en\/#\/schema\/logo\/image\/","url":"https:\/\/stifinder.com\/wp-content\/uploads\/2018\/09\/stifinder_logo_grey.svg","contentUrl":"https:\/\/stifinder.com\/wp-content\/uploads\/2018\/09\/stifinder_logo_grey.svg","width":14.1,"height":71.6,"caption":"Stifinder"},"image":{"@id":"https:\/\/stifinder.com\/en\/#\/schema\/logo\/image\/"}}]}},"_links":{"self":[{"href":"https:\/\/stifinder.com\/en\/wp-json\/wp\/v2\/product\/894","targetHints":{"allow":["GET"]}}],"collection":[{"href":"https:\/\/stifinder.com\/en\/wp-json\/wp\/v2\/product"}],"about":[{"href":"https:\/\/stifinder.com\/en\/wp-json\/wp\/v2\/types\/product"}],"version-history":[{"count":6,"href":"https:\/\/stifinder.com\/en\/wp-json\/wp\/v2\/product\/894\/revisions"}],"predecessor-version":[{"id":6704,"href":"https:\/\/stifinder.com\/en\/wp-json\/wp\/v2\/product\/894\/revisions\/6704"}],"wp:featuredmedia":[{"embeddable":true,"href":"https:\/\/stifinder.com\/en\/wp-json\/wp\/v2\/media\/954"}],"wp:attachment":[{"href":"https:\/\/stifinder.com\/en\/wp-json\/wp\/v2\/media?parent=894"}],"wp:term":[{"taxonomy":"product_brand","embeddable":true,"href":"https:\/\/stifinder.com\/en\/wp-json\/wp\/v2\/product_brand?post=894"},{"taxonomy":"product_cat","embeddable":true,"href":"https:\/\/stifinder.com\/en\/wp-json\/wp\/v2\/product_cat?post=894"},{"taxonomy":"product_tag","embeddable":true,"href":"https:\/\/stifinder.com\/en\/wp-json\/wp\/v2\/product_tag?post=894"}],"curies":[{"name":"wp","href":"https:\/\/api.w.org\/{rel}","templated":true}]}}